{"id":27157,"date":"2019-08-07T11:41:32","date_gmt":"2019-08-07T09:41:32","guid":{"rendered":"https:\/\/nueva.garrods.es\/josep-garcia\/"},"modified":"2019-10-01T16:08:30","modified_gmt":"2019-10-01T14:08:30","slug":"josep-garcia","status":"publish","type":"page","link":"https:\/\/garrods.es\/ca\/josep-garcia\/","title":{"rendered":"Josep Garcia"},"content":{"rendered":"\t\t<div data-elementor-type=\"wp-post\" data-elementor-id=\"27157\" class=\"elementor elementor-27157 elementor-27069\">\n\t\t\t\t\t\t<section class=\"elementor-section elementor-top-section elementor-element elementor-element-26ead84 elementor-section-stretched elementor-section-content-middle row-under-header elementor-section-boxed elementor-section-height-default elementor-section-height-default\" data-id=\"26ead84\" data-element_type=\"section\" data-e-type=\"section\" data-settings=\"{&quot;stretch_section&quot;:&quot;section-stretched&quot;}\">\n\t\t\t\t\t\t<div class=\"elementor-container elementor-column-gap-extended\">\n\t\t\t\t\t<div class=\"elementor-column elementor-col-33 elementor-top-column elementor-element elementor-element-0df5787\" data-id=\"0df5787\" data-element_type=\"column\" data-e-type=\"column\">\n\t\t\t<div class=\"elementor-widget-wrap elementor-element-populated\">\n\t\t\t\t\t\t<div class=\"elementor-element elementor-element-5bbfc8c elementor-widget elementor-widget-image\" data-id=\"5bbfc8c\" data-element_type=\"widget\" data-e-type=\"widget\" data-widget_type=\"image.default\">\n\t\t\t\t<div class=\"elementor-widget-container\">\n\t\t\t\t\t\t\t\t\t\t\t\t\t\t\t<img loading=\"lazy\" decoding=\"async\" width=\"100\" height=\"100\" src=\"https:\/\/garrods.es\/wp-content\/uploads\/2019\/08\/josep_icono.png\" class=\"attachment-medium size-medium wp-image-27076\" alt=\"\" \/>\t\t\t\t\t\t\t\t\t\t\t\t\t\t\t<\/div>\n\t\t\t\t<\/div>\n\t\t\t\t\t<\/div>\n\t\t<\/div>\n\t\t\t\t<div class=\"elementor-column elementor-col-66 elementor-top-column elementor-element elementor-element-aa5c471\" data-id=\"aa5c471\" data-element_type=\"column\" data-e-type=\"column\">\n\t\t\t<div class=\"elementor-widget-wrap elementor-element-populated\">\n\t\t\t\t\t\t<div class=\"elementor-element elementor-element-751bb86 elementor-widget elementor-widget-text-editor\" data-id=\"751bb86\" data-element_type=\"widget\" data-e-type=\"widget\" data-widget_type=\"text-editor.default\">\n\t\t\t\t<div class=\"elementor-widget-container\">\n\t\t\t\t\t\t\t\t\t<p class=\"parrafo-servicio\">Amb Josep Garcia Forns al capdavant de l&#8217;organitzaci\u00f3 com a soci-director, som un equip multidisciplinari format per professionals amb m\u00e9s de vint anys d&#8217;experi\u00e8ncia en el sector immobiliari, dins l&#8217;\u00e0mbit de la consultoria immobili\u00e0ria d&#8217;empresa.<\/p>\n\t\t\t\t\t\t\t\t<\/div>\n\t\t\t\t<\/div>\n\t\t\t\t\t<\/div>\n\t\t<\/div>\n\t\t\t\t\t<\/div>\n\t\t<\/section>\n\t\t\t\t<section class=\"elementor-section elementor-top-section elementor-element elementor-element-6103e2e elementor-section-stretched elementor-section-full_width elementor-section-content-middle elementor-section-height-default elementor-section-height-default\" data-id=\"6103e2e\" data-element_type=\"section\" data-e-type=\"section\" data-settings=\"{&quot;stretch_section&quot;:&quot;section-stretched&quot;,&quot;background_background&quot;:&quot;classic&quot;}\">\n\t\t\t\t\t\t<div class=\"elementor-container elementor-column-gap-default\">\n\t\t\t\t\t<div class=\"elementor-column elementor-col-66 elementor-top-column elementor-element elementor-element-22fb8f5\" data-id=\"22fb8f5\" data-element_type=\"column\" data-e-type=\"column\">\n\t\t\t<div class=\"elementor-widget-wrap elementor-element-populated\">\n\t\t\t\t\t\t<div class=\"elementor-element elementor-element-c8145ee columna-texto elementor-widget elementor-widget-text-editor\" data-id=\"c8145ee\" data-element_type=\"widget\" data-e-type=\"widget\" data-widget_type=\"text-editor.default\">\n\t\t\t\t<div class=\"elementor-widget-container\">\n\t\t\t\t\t\t\t\t\t<p style=\"color:#3c9e36;font-style:italic;font-size:20px; line-height:1.5;font-family:Lora;\">\u00abEl nostre equip ajuda als departaments financers, serveis generals, recursos humans, expansi\u00f3 i CEO. L\u2019experi\u00e8ncia que tenim ens permet garantir que la seva empresa i el seus treballadors estaran en mans dels millors professionals per a l\u2019adaptaci\u00f3 perfecta al nou entorn\u00bb.<\/p>\n<p style=\"color:#4A4A4A;font-weight:bold\">Josep Garcia Forns, CEO Director d&#8217;operacions <\/p>\n<p>M\u00e9s de vint anys d&#8217;experi\u00e8ncia en el sector.<br \/>\nPostgrau en Gesti\u00f3 Immobili\u00e0ria i postgrau de Valoracions Immobili\u00e0ries. Inscrit en el Registre d&#8217;Agents Immobiliaris de Catalunya i agent immobiliari col\u00b7legiat.<\/p>\n\t\t\t\t\t\t\t\t<\/div>\n\t\t\t\t<\/div>\n\t\t\t\t\t<\/div>\n\t\t<\/div>\n\t\t\t\t<div class=\"elementor-column elementor-col-33 elementor-top-column elementor-element elementor-element-d9ff34a\" data-id=\"d9ff34a\" data-element_type=\"column\" data-e-type=\"column\">\n\t\t\t<div class=\"elementor-widget-wrap elementor-element-populated\">\n\t\t\t\t\t\t<div class=\"elementor-element elementor-element-4dd1e59 elementor-widget elementor-widget-html\" data-id=\"4dd1e59\" data-element_type=\"widget\" data-e-type=\"widget\" data-widget_type=\"html.default\">\n\t\t\t\t<div class=\"elementor-widget-container\">\n\t\t\t\t\t<img decoding=\"async\" src=\"\/wp-content\/uploads\/2019\/08\/josep_foto-1.png\" style=\"object-fit:cover;\"\/>\t\t\t\t<\/div>\n\t\t\t\t<\/div>\n\t\t\t\t\t<\/div>\n\t\t<\/div>\n\t\t\t\t\t<\/div>\n\t\t<\/section>\n\t\t\t\t<\/div>\n\t\t","protected":false},"excerpt":{"rendered":"<p>Amb Josep Garcia Forns al capdavant de l&#8217;organitzaci\u00f3 com a soci-director, som un equip multidisciplinari format per professionals amb m\u00e9s de vint anys d&#8217;experi\u00e8ncia en el sector immobiliari, dins l&#8217;\u00e0mbit de la consultoria immobili\u00e0ria d&#8217;empresa. \u00abEl nostre equip ajuda als departaments financers, serveis generals, recursos humans, expansi\u00f3 i CEO. L\u2019experi\u00e8ncia que tenim ens permet garantir&#8230;<\/p>\n","protected":false},"author":3,"featured_media":0,"parent":0,"menu_order":0,"comment_status":"closed","ping_status":"closed","template":"","meta":{"footnotes":""},"class_list":["post-27157","page","type-page","status-publish","hentry"],"yoast_head":"<!-- This site is optimized with the Yoast SEO plugin v27.2 - https:\/\/yoast.com\/product\/yoast-seo-wordpress\/ -->\n<title>Josep Garcia - Garrods Real Estate<\/title>\n<meta name=\"robots\" content=\"index, follow, max-snippet:-1, max-image-preview:large, max-video-preview:-1\" \/>\n<link rel=\"canonical\" href=\"https:\/\/garrods.es\/ceo\/\" \/>\n<meta property=\"og:locale\" content=\"ca_ES\" \/>\n<meta property=\"og:type\" content=\"article\" \/>\n<meta property=\"og:title\" content=\"Josep Garcia - Garrods Real Estate\" \/>\n<meta property=\"og:description\" content=\"Amb Josep Garcia Forns al capdavant de l&#8217;organitzaci\u00f3 com a soci-director, som un equip multidisciplinari format per professionals amb m\u00e9s de vint anys d&#8217;experi\u00e8ncia en el sector immobiliari, dins l&#8217;\u00e0mbit de la consultoria immobili\u00e0ria d&#8217;empresa. \u00abEl nostre equip ajuda als departaments financers, serveis generals, recursos humans, expansi\u00f3 i CEO. L\u2019experi\u00e8ncia que tenim ens permet garantir...\" \/>\n<meta property=\"og:url\" content=\"https:\/\/garrods.es\/ceo\/\" \/>\n<meta property=\"og:site_name\" content=\"Garrods Real Estate\" \/>\n<meta property=\"article:modified_time\" content=\"2019-10-01T14:08:30+00:00\" \/>\n<meta property=\"og:image\" content=\"https:\/\/garrods.es\/wp-content\/uploads\/2019\/08\/josep_icono.png\" \/>\n\t<meta property=\"og:image:width\" content=\"100\" \/>\n\t<meta property=\"og:image:height\" content=\"100\" \/>\n\t<meta property=\"og:image:type\" content=\"image\/png\" \/>\n<meta name=\"twitter:card\" content=\"summary_large_image\" \/>\n<meta name=\"twitter:label1\" content=\"Temps estimat de lectura\" \/>\n\t<meta name=\"twitter:data1\" content=\"1 minut\" \/>\n<script type=\"application\/ld+json\" class=\"yoast-schema-graph\">{\"@context\":\"https:\/\/schema.org\",\"@graph\":[{\"@type\":\"WebPage\",\"@id\":\"https:\/\/garrods.es\/ceo\/\",\"url\":\"https:\/\/garrods.es\/ceo\/\",\"name\":\"Josep Garcia - Garrods Real Estate\",\"isPartOf\":{\"@id\":\"https:\/\/garrods.es\/#website\"},\"primaryImageOfPage\":{\"@id\":\"https:\/\/garrods.es\/ceo\/#primaryimage\"},\"image\":{\"@id\":\"https:\/\/garrods.es\/ceo\/#primaryimage\"},\"thumbnailUrl\":\"https:\/\/garrods.es\/wp-content\/uploads\/2019\/08\/josep_icono.png\",\"datePublished\":\"2019-08-07T09:41:32+00:00\",\"dateModified\":\"2019-10-01T14:08:30+00:00\",\"breadcrumb\":{\"@id\":\"https:\/\/garrods.es\/ceo\/#breadcrumb\"},\"inLanguage\":\"ca\",\"potentialAction\":[{\"@type\":\"ReadAction\",\"target\":[\"https:\/\/garrods.es\/ceo\/\"]}]},{\"@type\":\"ImageObject\",\"inLanguage\":\"ca\",\"@id\":\"https:\/\/garrods.es\/ceo\/#primaryimage\",\"url\":\"https:\/\/garrods.es\/wp-content\/uploads\/2019\/08\/josep_icono.png\",\"contentUrl\":\"https:\/\/garrods.es\/wp-content\/uploads\/2019\/08\/josep_icono.png\"},{\"@type\":\"BreadcrumbList\",\"@id\":\"https:\/\/garrods.es\/ceo\/#breadcrumb\",\"itemListElement\":[{\"@type\":\"ListItem\",\"position\":1,\"name\":\"Portada\",\"item\":\"https:\/\/garrods.es\/ca\/\"},{\"@type\":\"ListItem\",\"position\":2,\"name\":\"Josep Garcia\"}]},{\"@type\":\"WebSite\",\"@id\":\"https:\/\/garrods.es\/#website\",\"url\":\"https:\/\/garrods.es\/\",\"name\":\"Garrods Real Estate\",\"description\":\"Alquiler y venta de oficinas en Barcelona\",\"potentialAction\":[{\"@type\":\"SearchAction\",\"target\":{\"@type\":\"EntryPoint\",\"urlTemplate\":\"https:\/\/garrods.es\/?s={search_term_string}\"},\"query-input\":{\"@type\":\"PropertyValueSpecification\",\"valueRequired\":true,\"valueName\":\"search_term_string\"}}],\"inLanguage\":\"ca\"}]}<\/script>\n<!-- \/ Yoast SEO plugin. -->","yoast_head_json":{"title":"Josep Garcia - Garrods Real Estate","robots":{"index":"index","follow":"follow","max-snippet":"max-snippet:-1","max-image-preview":"max-image-preview:large","max-video-preview":"max-video-preview:-1"},"canonical":"https:\/\/garrods.es\/ceo\/","og_locale":"ca_ES","og_type":"article","og_title":"Josep Garcia - Garrods Real Estate","og_description":"Amb Josep Garcia Forns al capdavant de l&#8217;organitzaci\u00f3 com a soci-director, som un equip multidisciplinari format per professionals amb m\u00e9s de vint anys d&#8217;experi\u00e8ncia en el sector immobiliari, dins l&#8217;\u00e0mbit de la consultoria immobili\u00e0ria d&#8217;empresa. \u00abEl nostre equip ajuda als departaments financers, serveis generals, recursos humans, expansi\u00f3 i CEO. L\u2019experi\u00e8ncia que tenim ens permet garantir...","og_url":"https:\/\/garrods.es\/ceo\/","og_site_name":"Garrods Real Estate","article_modified_time":"2019-10-01T14:08:30+00:00","og_image":[{"width":100,"height":100,"url":"https:\/\/garrods.es\/wp-content\/uploads\/2019\/08\/josep_icono.png","type":"image\/png"}],"twitter_card":"summary_large_image","twitter_misc":{"Temps estimat de lectura":"1 minut"},"schema":{"@context":"https:\/\/schema.org","@graph":[{"@type":"WebPage","@id":"https:\/\/garrods.es\/ceo\/","url":"https:\/\/garrods.es\/ceo\/","name":"Josep Garcia - Garrods Real Estate","isPartOf":{"@id":"https:\/\/garrods.es\/#website"},"primaryImageOfPage":{"@id":"https:\/\/garrods.es\/ceo\/#primaryimage"},"image":{"@id":"https:\/\/garrods.es\/ceo\/#primaryimage"},"thumbnailUrl":"https:\/\/garrods.es\/wp-content\/uploads\/2019\/08\/josep_icono.png","datePublished":"2019-08-07T09:41:32+00:00","dateModified":"2019-10-01T14:08:30+00:00","breadcrumb":{"@id":"https:\/\/garrods.es\/ceo\/#breadcrumb"},"inLanguage":"ca","potentialAction":[{"@type":"ReadAction","target":["https:\/\/garrods.es\/ceo\/"]}]},{"@type":"ImageObject","inLanguage":"ca","@id":"https:\/\/garrods.es\/ceo\/#primaryimage","url":"https:\/\/garrods.es\/wp-content\/uploads\/2019\/08\/josep_icono.png","contentUrl":"https:\/\/garrods.es\/wp-content\/uploads\/2019\/08\/josep_icono.png"},{"@type":"BreadcrumbList","@id":"https:\/\/garrods.es\/ceo\/#breadcrumb","itemListElement":[{"@type":"ListItem","position":1,"name":"Portada","item":"https:\/\/garrods.es\/ca\/"},{"@type":"ListItem","position":2,"name":"Josep Garcia"}]},{"@type":"WebSite","@id":"https:\/\/garrods.es\/#website","url":"https:\/\/garrods.es\/","name":"Garrods Real Estate","description":"Alquiler y venta de oficinas en Barcelona","potentialAction":[{"@type":"SearchAction","target":{"@type":"EntryPoint","urlTemplate":"https:\/\/garrods.es\/?s={search_term_string}"},"query-input":{"@type":"PropertyValueSpecification","valueRequired":true,"valueName":"search_term_string"}}],"inLanguage":"ca"}]}},"_links":{"self":[{"href":"https:\/\/garrods.es\/ca\/wp-json\/wp\/v2\/pages\/27157","targetHints":{"allow":["GET"]}}],"collection":[{"href":"https:\/\/garrods.es\/ca\/wp-json\/wp\/v2\/pages"}],"about":[{"href":"https:\/\/garrods.es\/ca\/wp-json\/wp\/v2\/types\/page"}],"author":[{"embeddable":true,"href":"https:\/\/garrods.es\/ca\/wp-json\/wp\/v2\/users\/3"}],"replies":[{"embeddable":true,"href":"https:\/\/garrods.es\/ca\/wp-json\/wp\/v2\/comments?post=27157"}],"version-history":[{"count":0,"href":"https:\/\/garrods.es\/ca\/wp-json\/wp\/v2\/pages\/27157\/revisions"}],"wp:attachment":[{"href":"https:\/\/garrods.es\/ca\/wp-json\/wp\/v2\/media?parent=27157"}],"curies":[{"name":"wp","href":"https:\/\/api.w.org\/{rel}","templated":true}]}}