{"id":26512,"date":"2019-07-11T12:21:56","date_gmt":"2019-07-11T10:21:56","guid":{"rendered":"https:\/\/nueva.garrods.es\/clients\/"},"modified":"2026-03-22T13:41:40","modified_gmt":"2026-03-22T12:41:40","slug":"clients","status":"publish","type":"page","link":"https:\/\/garrods.es\/ca\/clients\/","title":{"rendered":"Clients"},"content":{"rendered":"\t\t<div data-elementor-type=\"wp-post\" data-elementor-id=\"26512\" class=\"elementor elementor-26512 elementor-4906\">\n\t\t\t\t\t\t<section class=\"elementor-section elementor-top-section elementor-element elementor-element-26ead84 elementor-section-stretched elementor-section-content-middle row-under-header elementor-section-boxed elementor-section-height-default elementor-section-height-default\" data-id=\"26ead84\" data-element_type=\"section\" data-e-type=\"section\" data-settings=\"{&quot;stretch_section&quot;:&quot;section-stretched&quot;}\">\n\t\t\t\t\t\t<div class=\"elementor-container elementor-column-gap-extended\">\n\t\t\t\t\t<div class=\"elementor-column elementor-col-100 elementor-top-column elementor-element elementor-element-aa5c471\" data-id=\"aa5c471\" data-element_type=\"column\" data-e-type=\"column\">\n\t\t\t<div class=\"elementor-widget-wrap elementor-element-populated\">\n\t\t\t\t\t\t<div class=\"elementor-element elementor-element-751bb86 elementor-widget elementor-widget-text-editor\" data-id=\"751bb86\" data-element_type=\"widget\" data-e-type=\"widget\" data-widget_type=\"text-editor.default\">\n\t\t\t\t<div class=\"elementor-widget-container\">\n\t\t\t\t\t\t\t\t\t<p class=\"parrafo-servicio\">Assessorem inquilins i ocupants d&#8217;espais de negocis en les seves necessitats immobili\u00e0ries oferint assessorament integral que garanteixi per a l&#8217;obtenci\u00f3 del m\u00e0xim valor i flexibilitat.<\/p>\n\t\t\t\t\t\t\t\t<\/div>\n\t\t\t\t<\/div>\n\t\t\t\t\t<\/div>\n\t\t<\/div>\n\t\t\t\t\t<\/div>\n\t\t<\/section>\n\t\t\t\t<section class=\"elementor-section elementor-top-section elementor-element elementor-element-8d80a92 elementor-section-stretched elementor-section-full_width elementor-section-height-default elementor-section-height-default\" data-id=\"8d80a92\" data-element_type=\"section\" data-e-type=\"section\" data-settings=\"{&quot;stretch_section&quot;:&quot;section-stretched&quot;}\">\n\t\t\t\t\t\t<div class=\"elementor-container elementor-column-gap-default\">\n\t\t\t\t\t<div class=\"elementor-column elementor-col-100 elementor-top-column elementor-element elementor-element-86d8149\" data-id=\"86d8149\" data-element_type=\"column\" data-e-type=\"column\">\n\t\t\t<div class=\"elementor-widget-wrap elementor-element-populated\">\n\t\t\t\t\t\t<div class=\"elementor-element elementor-element-f02c973 gallery-spacing-custom elementor-widget elementor-widget-image-gallery\" data-id=\"f02c973\" data-element_type=\"widget\" data-e-type=\"widget\" data-widget_type=\"image-gallery.default\">\n\t\t\t\t<div class=\"elementor-widget-container\">\n\t\t\t\t\t\t\t<div class=\"elementor-image-gallery\">\n\t\t\t\n\t\t<style type=\"text\/css\">\n\t\t\t#gallery-1 {\n\t\t\t\tmargin: auto;\n\t\t\t}\n\t\t\t#gallery-1 .gallery-item {\n\t\t\t\tfloat: left;\n\t\t\t\tmargin-top: 10px;\n\t\t\t\ttext-align: center;\n\t\t\t\twidth: 25%;\n\t\t\t}\n\t\t\t#gallery-1 img {\n\t\t\t\tborder: 2px solid #cfcfcf;\n\t\t\t}\n\t\t\t#gallery-1 .gallery-caption {\n\t\t\t\tmargin-left: 0;\n\t\t\t}\n\t\t\t\/* see gallery_shortcode() in wp-includes\/media.php *\/\n\t\t<\/style>\n\t\t<div id='gallery-1' class='gallery galleryid-26512 gallery-columns-4 gallery-size-full'><dl class='gallery-item'>\n\t\t\t<dt class='gallery-icon landscape'>\n\t\t\t\t<img loading=\"lazy\" decoding=\"async\" width=\"200\" height=\"100\" src=\"https:\/\/garrods.es\/wp-content\/uploads\/2019\/09\/CAMPARI-1.jpg\" class=\"attachment-full size-full\" alt=\"\" srcset=\"https:\/\/garrods.es\/wp-content\/uploads\/2019\/09\/CAMPARI-1.jpg 200w, https:\/\/garrods.es\/wp-content\/uploads\/2019\/09\/CAMPARI-1-150x75.jpg 150w\" sizes=\"auto, (max-width: 200px) 100vw, 200px\" \/>\n\t\t\t<\/dt><\/dl><dl class='gallery-item'>\n\t\t\t<dt class='gallery-icon landscape'>\n\t\t\t\t<img loading=\"lazy\" decoding=\"async\" width=\"200\" height=\"100\" src=\"https:\/\/garrods.es\/wp-content\/uploads\/2019\/09\/CEPSA-1.jpg\" class=\"attachment-full size-full\" alt=\"\" srcset=\"https:\/\/garrods.es\/wp-content\/uploads\/2019\/09\/CEPSA-1.jpg 200w, https:\/\/garrods.es\/wp-content\/uploads\/2019\/09\/CEPSA-1-150x75.jpg 150w\" sizes=\"auto, (max-width: 200px) 100vw, 200px\" \/>\n\t\t\t<\/dt><\/dl><dl class='gallery-item'>\n\t\t\t<dt class='gallery-icon landscape'>\n\t\t\t\t<img loading=\"lazy\" decoding=\"async\" width=\"200\" height=\"100\" src=\"https:\/\/garrods.es\/wp-content\/uploads\/2019\/09\/COLONIAL.jpg\" class=\"attachment-full size-full\" alt=\"\" srcset=\"https:\/\/garrods.es\/wp-content\/uploads\/2019\/09\/COLONIAL.jpg 200w, https:\/\/garrods.es\/wp-content\/uploads\/2019\/09\/COLONIAL-150x75.jpg 150w\" sizes=\"auto, (max-width: 200px) 100vw, 200px\" \/>\n\t\t\t<\/dt><\/dl><dl class='gallery-item'>\n\t\t\t<dt class='gallery-icon landscape'>\n\t\t\t\t<img loading=\"lazy\" decoding=\"async\" width=\"200\" height=\"100\" src=\"https:\/\/garrods.es\/wp-content\/uploads\/2019\/09\/ECUPHAR-1.jpg\" class=\"attachment-full size-full\" alt=\"\" srcset=\"https:\/\/garrods.es\/wp-content\/uploads\/2019\/09\/ECUPHAR-1.jpg 200w, https:\/\/garrods.es\/wp-content\/uploads\/2019\/09\/ECUPHAR-1-150x75.jpg 150w\" sizes=\"auto, (max-width: 200px) 100vw, 200px\" \/>\n\t\t\t<\/dt><\/dl><br style=\"clear: both\" \/><dl class='gallery-item'>\n\t\t\t<dt class='gallery-icon landscape'>\n\t\t\t\t<img loading=\"lazy\" decoding=\"async\" width=\"200\" height=\"100\" src=\"https:\/\/garrods.es\/wp-content\/uploads\/2019\/09\/FERCHAU-1.jpg\" class=\"attachment-full size-full\" alt=\"\" srcset=\"https:\/\/garrods.es\/wp-content\/uploads\/2019\/09\/FERCHAU-1.jpg 200w, https:\/\/garrods.es\/wp-content\/uploads\/2019\/09\/FERCHAU-1-150x75.jpg 150w\" sizes=\"auto, (max-width: 200px) 100vw, 200px\" \/>\n\t\t\t<\/dt><\/dl><dl class='gallery-item'>\n\t\t\t<dt class='gallery-icon landscape'>\n\t\t\t\t<img loading=\"lazy\" decoding=\"async\" width=\"200\" height=\"100\" src=\"https:\/\/garrods.es\/wp-content\/uploads\/2023\/06\/GIGI-Studios.jpg\" class=\"attachment-full size-full\" alt=\"\" srcset=\"https:\/\/garrods.es\/wp-content\/uploads\/2023\/06\/GIGI-Studios.jpg 200w, https:\/\/garrods.es\/wp-content\/uploads\/2023\/06\/GIGI-Studios-150x75.jpg 150w\" sizes=\"auto, (max-width: 200px) 100vw, 200px\" \/>\n\t\t\t<\/dt><\/dl><dl class='gallery-item'>\n\t\t\t<dt class='gallery-icon landscape'>\n\t\t\t\t<img loading=\"lazy\" decoding=\"async\" width=\"200\" height=\"100\" src=\"https:\/\/garrods.es\/wp-content\/uploads\/2023\/06\/Iberdrola_inmobiliaria.jpg\" class=\"attachment-full size-full\" alt=\"\" srcset=\"https:\/\/garrods.es\/wp-content\/uploads\/2023\/06\/Iberdrola_inmobiliaria.jpg 200w, https:\/\/garrods.es\/wp-content\/uploads\/2023\/06\/Iberdrola_inmobiliaria-150x75.jpg 150w\" sizes=\"auto, (max-width: 200px) 100vw, 200px\" \/>\n\t\t\t<\/dt><\/dl><dl class='gallery-item'>\n\t\t\t<dt class='gallery-icon landscape'>\n\t\t\t\t<img loading=\"lazy\" decoding=\"async\" width=\"200\" height=\"100\" src=\"https:\/\/garrods.es\/wp-content\/uploads\/2020\/03\/Kantox_web.png\" class=\"attachment-full size-full\" alt=\"\" srcset=\"https:\/\/garrods.es\/wp-content\/uploads\/2020\/03\/Kantox_web.png 200w, https:\/\/garrods.es\/wp-content\/uploads\/2020\/03\/Kantox_web-150x75.png 150w\" sizes=\"auto, (max-width: 200px) 100vw, 200px\" \/>\n\t\t\t<\/dt><\/dl><br style=\"clear: both\" \/><dl class='gallery-item'>\n\t\t\t<dt class='gallery-icon landscape'>\n\t\t\t\t<img loading=\"lazy\" decoding=\"async\" width=\"200\" height=\"100\" src=\"https:\/\/garrods.es\/wp-content\/uploads\/2020\/03\/LEO-PHARMA_web.png\" class=\"attachment-full size-full\" alt=\"\" srcset=\"https:\/\/garrods.es\/wp-content\/uploads\/2020\/03\/LEO-PHARMA_web.png 200w, https:\/\/garrods.es\/wp-content\/uploads\/2020\/03\/LEO-PHARMA_web-150x75.png 150w\" sizes=\"auto, (max-width: 200px) 100vw, 200px\" \/>\n\t\t\t<\/dt><\/dl><dl class='gallery-item'>\n\t\t\t<dt class='gallery-icon landscape'>\n\t\t\t\t<img loading=\"lazy\" decoding=\"async\" width=\"200\" height=\"100\" src=\"https:\/\/garrods.es\/wp-content\/uploads\/2023\/06\/Merdiia-Capital-4.jpg\" class=\"attachment-full size-full\" alt=\"\" srcset=\"https:\/\/garrods.es\/wp-content\/uploads\/2023\/06\/Merdiia-Capital-4.jpg 200w, https:\/\/garrods.es\/wp-content\/uploads\/2023\/06\/Merdiia-Capital-4-150x75.jpg 150w\" sizes=\"auto, (max-width: 200px) 100vw, 200px\" \/>\n\t\t\t<\/dt><\/dl><dl class='gallery-item'>\n\t\t\t<dt class='gallery-icon landscape'>\n\t\t\t\t<img loading=\"lazy\" decoding=\"async\" width=\"200\" height=\"100\" src=\"https:\/\/garrods.es\/wp-content\/uploads\/2019\/09\/MERLIN-1.jpg\" class=\"attachment-full size-full\" alt=\"\" srcset=\"https:\/\/garrods.es\/wp-content\/uploads\/2019\/09\/MERLIN-1.jpg 200w, https:\/\/garrods.es\/wp-content\/uploads\/2019\/09\/MERLIN-1-150x75.jpg 150w\" sizes=\"auto, (max-width: 200px) 100vw, 200px\" \/>\n\t\t\t<\/dt><\/dl><dl class='gallery-item'>\n\t\t\t<dt class='gallery-icon landscape'>\n\t\t\t\t<img loading=\"lazy\" decoding=\"async\" width=\"200\" height=\"100\" src=\"https:\/\/garrods.es\/wp-content\/uploads\/2019\/09\/TORRES-1.jpg\" class=\"attachment-full size-full\" alt=\"\" srcset=\"https:\/\/garrods.es\/wp-content\/uploads\/2019\/09\/TORRES-1.jpg 200w, https:\/\/garrods.es\/wp-content\/uploads\/2019\/09\/TORRES-1-150x75.jpg 150w\" sizes=\"auto, (max-width: 200px) 100vw, 200px\" \/>\n\t\t\t<\/dt><\/dl><br style=\"clear: both\" \/><dl class='gallery-item'>\n\t\t\t<dt class='gallery-icon landscape'>\n\t\t\t\t<img loading=\"lazy\" decoding=\"async\" width=\"200\" height=\"100\" src=\"https:\/\/garrods.es\/wp-content\/uploads\/2019\/09\/VISTA-ALEGRE-1.jpg\" class=\"attachment-full size-full\" alt=\"\" srcset=\"https:\/\/garrods.es\/wp-content\/uploads\/2019\/09\/VISTA-ALEGRE-1.jpg 200w, https:\/\/garrods.es\/wp-content\/uploads\/2019\/09\/VISTA-ALEGRE-1-150x75.jpg 150w\" sizes=\"auto, (max-width: 200px) 100vw, 200px\" \/>\n\t\t\t<\/dt><\/dl><dl class='gallery-item'>\n\t\t\t<dt class='gallery-icon landscape'>\n\t\t\t\t<img loading=\"lazy\" decoding=\"async\" width=\"200\" height=\"100\" src=\"https:\/\/garrods.es\/wp-content\/uploads\/2019\/09\/PIRELLI-1.jpg\" class=\"attachment-full size-full\" alt=\"\" srcset=\"https:\/\/garrods.es\/wp-content\/uploads\/2019\/09\/PIRELLI-1.jpg 200w, https:\/\/garrods.es\/wp-content\/uploads\/2019\/09\/PIRELLI-1-150x75.jpg 150w\" sizes=\"auto, (max-width: 200px) 100vw, 200px\" \/>\n\t\t\t<\/dt><\/dl><dl class='gallery-item'>\n\t\t\t<dt class='gallery-icon landscape'>\n\t\t\t\t<img loading=\"lazy\" decoding=\"async\" width=\"200\" height=\"100\" src=\"https:\/\/garrods.es\/wp-content\/uploads\/2019\/09\/REGISTRADORES-1.jpg\" class=\"attachment-full size-full\" alt=\"\" srcset=\"https:\/\/garrods.es\/wp-content\/uploads\/2019\/09\/REGISTRADORES-1.jpg 200w, https:\/\/garrods.es\/wp-content\/uploads\/2019\/09\/REGISTRADORES-1-150x75.jpg 150w\" sizes=\"auto, (max-width: 200px) 100vw, 200px\" \/>\n\t\t\t<\/dt><\/dl><dl class='gallery-item'>\n\t\t\t<dt class='gallery-icon landscape'>\n\t\t\t\t<img loading=\"lazy\" decoding=\"async\" width=\"200\" height=\"100\" src=\"https:\/\/garrods.es\/wp-content\/uploads\/2019\/09\/SAFENED-1.jpg\" class=\"attachment-full size-full\" alt=\"\" srcset=\"https:\/\/garrods.es\/wp-content\/uploads\/2019\/09\/SAFENED-1.jpg 200w, https:\/\/garrods.es\/wp-content\/uploads\/2019\/09\/SAFENED-1-150x75.jpg 150w\" sizes=\"auto, (max-width: 200px) 100vw, 200px\" \/>\n\t\t\t<\/dt><\/dl><br style=\"clear: both\" \/><dl class='gallery-item'>\n\t\t\t<dt class='gallery-icon landscape'>\n\t\t\t\t<img loading=\"lazy\" decoding=\"async\" width=\"200\" height=\"100\" src=\"https:\/\/garrods.es\/wp-content\/uploads\/2019\/09\/THALES.jpg\" class=\"attachment-full size-full\" alt=\"\" srcset=\"https:\/\/garrods.es\/wp-content\/uploads\/2019\/09\/THALES.jpg 200w, https:\/\/garrods.es\/wp-content\/uploads\/2019\/09\/THALES-150x75.jpg 150w\" sizes=\"auto, (max-width: 200px) 100vw, 200px\" \/>\n\t\t\t<\/dt><\/dl><dl class='gallery-item'>\n\t\t\t<dt class='gallery-icon landscape'>\n\t\t\t\t<img loading=\"lazy\" decoding=\"async\" width=\"608\" height=\"258\" src=\"https:\/\/garrods.es\/wp-content\/uploads\/2026\/03\/1961_png.png\" class=\"attachment-full size-full\" alt=\"\" srcset=\"https:\/\/garrods.es\/wp-content\/uploads\/2026\/03\/1961_png.png 608w, https:\/\/garrods.es\/wp-content\/uploads\/2026\/03\/1961_png-300x127.png 300w, https:\/\/garrods.es\/wp-content\/uploads\/2026\/03\/1961_png-150x64.png 150w\" sizes=\"auto, (max-width: 608px) 100vw, 608px\" \/>\n\t\t\t<\/dt><\/dl><dl class='gallery-item'>\n\t\t\t<dt class='gallery-icon landscape'>\n\t\t\t\t<img loading=\"lazy\" decoding=\"async\" width=\"506\" height=\"221\" src=\"https:\/\/garrods.es\/wp-content\/uploads\/2026\/03\/carles-ferrer-satat.jpg\" class=\"attachment-full size-full\" alt=\"\" srcset=\"https:\/\/garrods.es\/wp-content\/uploads\/2026\/03\/carles-ferrer-satat.jpg 506w, https:\/\/garrods.es\/wp-content\/uploads\/2026\/03\/carles-ferrer-satat-300x131.jpg 300w, https:\/\/garrods.es\/wp-content\/uploads\/2026\/03\/carles-ferrer-satat-150x66.jpg 150w\" sizes=\"auto, (max-width: 506px) 100vw, 506px\" \/>\n\t\t\t<\/dt><\/dl><dl class='gallery-item'>\n\t\t\t<dt class='gallery-icon landscape'>\n\t\t\t\t<img loading=\"lazy\" decoding=\"async\" width=\"400\" height=\"176\" src=\"https:\/\/garrods.es\/wp-content\/uploads\/2026\/03\/Celsius_ok2-1.jpg\" class=\"attachment-full size-full\" alt=\"\" srcset=\"https:\/\/garrods.es\/wp-content\/uploads\/2026\/03\/Celsius_ok2-1.jpg 400w, https:\/\/garrods.es\/wp-content\/uploads\/2026\/03\/Celsius_ok2-1-300x132.jpg 300w, https:\/\/garrods.es\/wp-content\/uploads\/2026\/03\/Celsius_ok2-1-150x66.jpg 150w\" sizes=\"auto, (max-width: 400px) 100vw, 400px\" \/>\n\t\t\t<\/dt><\/dl><br style=\"clear: both\" \/><dl class='gallery-item'>\n\t\t\t<dt class='gallery-icon landscape'>\n\t\t\t\t<img loading=\"lazy\" decoding=\"async\" width=\"506\" height=\"221\" src=\"https:\/\/garrods.es\/wp-content\/uploads\/2026\/03\/logo-blanco.jpg\" class=\"attachment-full size-full\" alt=\"\" srcset=\"https:\/\/garrods.es\/wp-content\/uploads\/2026\/03\/logo-blanco.jpg 506w, https:\/\/garrods.es\/wp-content\/uploads\/2026\/03\/logo-blanco-300x131.jpg 300w, https:\/\/garrods.es\/wp-content\/uploads\/2026\/03\/logo-blanco-150x66.jpg 150w\" sizes=\"auto, (max-width: 506px) 100vw, 506px\" \/>\n\t\t\t<\/dt><\/dl>\n\t\t\t<br style='clear: both' \/>\n\t\t<\/div>\n\t\t<\/div>\n\t\t\t\t\t\t<\/div>\n\t\t\t\t<\/div>\n\t\t\t\t\t<\/div>\n\t\t<\/div>\n\t\t\t\t\t<\/div>\n\t\t<\/section>\n\t\t\t\t<\/div>\n\t\t","protected":false},"excerpt":{"rendered":"<p>Assessorem inquilins i ocupants d&#8217;espais de negocis en les seves necessitats immobili\u00e0ries oferint assessorament integral que garanteixi per a l&#8217;obtenci\u00f3 del m\u00e0xim valor i flexibilitat.<\/p>\n","protected":false},"author":3,"featured_media":0,"parent":0,"menu_order":0,"comment_status":"closed","ping_status":"closed","template":"","meta":{"footnotes":""},"class_list":["post-26512","page","type-page","status-publish","hentry"],"yoast_head":"<!-- This site is optimized with the Yoast SEO plugin v27.2 - https:\/\/yoast.com\/product\/yoast-seo-wordpress\/ -->\n<title>Clients - Garrods Real Estate<\/title>\n<meta name=\"robots\" content=\"index, follow, max-snippet:-1, max-image-preview:large, max-video-preview:-1\" \/>\n<link rel=\"canonical\" href=\"https:\/\/garrods.es\/clientes\/\" \/>\n<meta property=\"og:locale\" content=\"ca_ES\" \/>\n<meta property=\"og:type\" content=\"article\" \/>\n<meta property=\"og:title\" content=\"Clients - Garrods Real Estate\" \/>\n<meta property=\"og:description\" content=\"Assessorem inquilins i ocupants d&#8217;espais de negocis en les seves necessitats immobili\u00e0ries oferint assessorament integral que garanteixi per a l&#8217;obtenci\u00f3 del m\u00e0xim valor i flexibilitat.\" \/>\n<meta property=\"og:url\" content=\"https:\/\/garrods.es\/clientes\/\" \/>\n<meta property=\"og:site_name\" content=\"Garrods Real Estate\" \/>\n<meta property=\"article:modified_time\" content=\"2026-03-22T12:41:40+00:00\" \/>\n<meta property=\"og:image\" content=\"https:\/\/garrods.es\/wp-content\/uploads\/2019\/09\/CAMPARI-1.jpg\" \/>\n<meta name=\"twitter:card\" content=\"summary_large_image\" \/>\n<meta name=\"twitter:label1\" content=\"Temps estimat de lectura\" \/>\n\t<meta name=\"twitter:data1\" content=\"5 minuts\" \/>\n<script type=\"application\/ld+json\" class=\"yoast-schema-graph\">{\"@context\":\"https:\/\/schema.org\",\"@graph\":[{\"@type\":\"WebPage\",\"@id\":\"https:\/\/garrods.es\/clientes\/\",\"url\":\"https:\/\/garrods.es\/clientes\/\",\"name\":\"Clients - Garrods Real Estate\",\"isPartOf\":{\"@id\":\"https:\/\/garrods.es\/#website\"},\"primaryImageOfPage\":{\"@id\":\"https:\/\/garrods.es\/clientes\/#primaryimage\"},\"image\":{\"@id\":\"https:\/\/garrods.es\/clientes\/#primaryimage\"},\"thumbnailUrl\":\"https:\/\/garrods.es\/wp-content\/uploads\/2019\/09\/CAMPARI-1.jpg\",\"datePublished\":\"2019-07-11T10:21:56+00:00\",\"dateModified\":\"2026-03-22T12:41:40+00:00\",\"breadcrumb\":{\"@id\":\"https:\/\/garrods.es\/clientes\/#breadcrumb\"},\"inLanguage\":\"ca\",\"potentialAction\":[{\"@type\":\"ReadAction\",\"target\":[\"https:\/\/garrods.es\/clientes\/\"]}]},{\"@type\":\"ImageObject\",\"inLanguage\":\"ca\",\"@id\":\"https:\/\/garrods.es\/clientes\/#primaryimage\",\"url\":\"https:\/\/garrods.es\/wp-content\/uploads\/2019\/09\/CAMPARI-1.jpg\",\"contentUrl\":\"https:\/\/garrods.es\/wp-content\/uploads\/2019\/09\/CAMPARI-1.jpg\"},{\"@type\":\"BreadcrumbList\",\"@id\":\"https:\/\/garrods.es\/clientes\/#breadcrumb\",\"itemListElement\":[{\"@type\":\"ListItem\",\"position\":1,\"name\":\"Portada\",\"item\":\"https:\/\/garrods.es\/ca\/\"},{\"@type\":\"ListItem\",\"position\":2,\"name\":\"Clients\"}]},{\"@type\":\"WebSite\",\"@id\":\"https:\/\/garrods.es\/#website\",\"url\":\"https:\/\/garrods.es\/\",\"name\":\"Garrods Real Estate\",\"description\":\"Alquiler y venta de oficinas en Barcelona\",\"potentialAction\":[{\"@type\":\"SearchAction\",\"target\":{\"@type\":\"EntryPoint\",\"urlTemplate\":\"https:\/\/garrods.es\/?s={search_term_string}\"},\"query-input\":{\"@type\":\"PropertyValueSpecification\",\"valueRequired\":true,\"valueName\":\"search_term_string\"}}],\"inLanguage\":\"ca\"}]}<\/script>\n<!-- \/ Yoast SEO plugin. -->","yoast_head_json":{"title":"Clients - Garrods Real Estate","robots":{"index":"index","follow":"follow","max-snippet":"max-snippet:-1","max-image-preview":"max-image-preview:large","max-video-preview":"max-video-preview:-1"},"canonical":"https:\/\/garrods.es\/clientes\/","og_locale":"ca_ES","og_type":"article","og_title":"Clients - Garrods Real Estate","og_description":"Assessorem inquilins i ocupants d&#8217;espais de negocis en les seves necessitats immobili\u00e0ries oferint assessorament integral que garanteixi per a l&#8217;obtenci\u00f3 del m\u00e0xim valor i flexibilitat.","og_url":"https:\/\/garrods.es\/clientes\/","og_site_name":"Garrods Real Estate","article_modified_time":"2026-03-22T12:41:40+00:00","og_image":[{"url":"https:\/\/garrods.es\/wp-content\/uploads\/2019\/09\/CAMPARI-1.jpg","type":"","width":"","height":""}],"twitter_card":"summary_large_image","twitter_misc":{"Temps estimat de lectura":"5 minuts"},"schema":{"@context":"https:\/\/schema.org","@graph":[{"@type":"WebPage","@id":"https:\/\/garrods.es\/clientes\/","url":"https:\/\/garrods.es\/clientes\/","name":"Clients - Garrods Real Estate","isPartOf":{"@id":"https:\/\/garrods.es\/#website"},"primaryImageOfPage":{"@id":"https:\/\/garrods.es\/clientes\/#primaryimage"},"image":{"@id":"https:\/\/garrods.es\/clientes\/#primaryimage"},"thumbnailUrl":"https:\/\/garrods.es\/wp-content\/uploads\/2019\/09\/CAMPARI-1.jpg","datePublished":"2019-07-11T10:21:56+00:00","dateModified":"2026-03-22T12:41:40+00:00","breadcrumb":{"@id":"https:\/\/garrods.es\/clientes\/#breadcrumb"},"inLanguage":"ca","potentialAction":[{"@type":"ReadAction","target":["https:\/\/garrods.es\/clientes\/"]}]},{"@type":"ImageObject","inLanguage":"ca","@id":"https:\/\/garrods.es\/clientes\/#primaryimage","url":"https:\/\/garrods.es\/wp-content\/uploads\/2019\/09\/CAMPARI-1.jpg","contentUrl":"https:\/\/garrods.es\/wp-content\/uploads\/2019\/09\/CAMPARI-1.jpg"},{"@type":"BreadcrumbList","@id":"https:\/\/garrods.es\/clientes\/#breadcrumb","itemListElement":[{"@type":"ListItem","position":1,"name":"Portada","item":"https:\/\/garrods.es\/ca\/"},{"@type":"ListItem","position":2,"name":"Clients"}]},{"@type":"WebSite","@id":"https:\/\/garrods.es\/#website","url":"https:\/\/garrods.es\/","name":"Garrods Real Estate","description":"Alquiler y venta de oficinas en Barcelona","potentialAction":[{"@type":"SearchAction","target":{"@type":"EntryPoint","urlTemplate":"https:\/\/garrods.es\/?s={search_term_string}"},"query-input":{"@type":"PropertyValueSpecification","valueRequired":true,"valueName":"search_term_string"}}],"inLanguage":"ca"}]}},"_links":{"self":[{"href":"https:\/\/garrods.es\/ca\/wp-json\/wp\/v2\/pages\/26512","targetHints":{"allow":["GET"]}}],"collection":[{"href":"https:\/\/garrods.es\/ca\/wp-json\/wp\/v2\/pages"}],"about":[{"href":"https:\/\/garrods.es\/ca\/wp-json\/wp\/v2\/types\/page"}],"author":[{"embeddable":true,"href":"https:\/\/garrods.es\/ca\/wp-json\/wp\/v2\/users\/3"}],"replies":[{"embeddable":true,"href":"https:\/\/garrods.es\/ca\/wp-json\/wp\/v2\/comments?post=26512"}],"version-history":[{"count":3,"href":"https:\/\/garrods.es\/ca\/wp-json\/wp\/v2\/pages\/26512\/revisions"}],"predecessor-version":[{"id":104150,"href":"https:\/\/garrods.es\/ca\/wp-json\/wp\/v2\/pages\/26512\/revisions\/104150"}],"wp:attachment":[{"href":"https:\/\/garrods.es\/ca\/wp-json\/wp\/v2\/media?parent=26512"}],"curies":[{"name":"wp","href":"https:\/\/api.w.org\/{rel}","templated":true}]}}