{"id":26508,"date":"2019-07-11T09:37:03","date_gmt":"2019-07-11T07:37:03","guid":{"rendered":"https:\/\/nueva.garrods.es\/serveis-per-a-propietaris\/"},"modified":"2019-10-01T13:51:46","modified_gmt":"2019-10-01T11:51:46","slug":"serveis-per-a-propietaris","status":"publish","type":"page","link":"https:\/\/garrods.es\/ca\/serveis-per-a-propietaris\/","title":{"rendered":"Serveis per a Propietaris"},"content":{"rendered":"\t\t<div data-elementor-type=\"wp-post\" data-elementor-id=\"26508\" class=\"elementor elementor-26508 elementor-4873\">\n\t\t\t\t\t\t<section class=\"elementor-section elementor-top-section elementor-element elementor-element-26ead84 elementor-section-stretched elementor-section-content-middle row-under-header elementor-section-boxed elementor-section-height-default elementor-section-height-default\" data-id=\"26ead84\" data-element_type=\"section\" data-e-type=\"section\" data-settings=\"{&quot;stretch_section&quot;:&quot;section-stretched&quot;}\">\n\t\t\t\t\t\t<div class=\"elementor-container elementor-column-gap-extended\">\n\t\t\t\t\t<div class=\"elementor-column elementor-col-33 elementor-top-column elementor-element elementor-element-0df5787\" data-id=\"0df5787\" data-element_type=\"column\" data-e-type=\"column\">\n\t\t\t<div class=\"elementor-widget-wrap elementor-element-populated\">\n\t\t\t\t\t\t<div class=\"elementor-element elementor-element-5bbfc8c elementor-widget elementor-widget-image\" data-id=\"5bbfc8c\" data-element_type=\"widget\" data-e-type=\"widget\" data-widget_type=\"image.default\">\n\t\t\t\t<div class=\"elementor-widget-container\">\n\t\t\t\t\t\t\t\t\t\t\t\t\t\t\t<img loading=\"lazy\" decoding=\"async\" width=\"121\" height=\"113\" src=\"https:\/\/garrods.es\/wp-content\/uploads\/2019\/07\/icono_servicio_propietarios.png\" class=\"attachment-full size-full wp-image-6068\" alt=\"\" \/>\t\t\t\t\t\t\t\t\t\t\t\t\t\t\t<\/div>\n\t\t\t\t<\/div>\n\t\t\t\t\t<\/div>\n\t\t<\/div>\n\t\t\t\t<div class=\"elementor-column elementor-col-66 elementor-top-column elementor-element elementor-element-aa5c471\" data-id=\"aa5c471\" data-element_type=\"column\" data-e-type=\"column\">\n\t\t\t<div class=\"elementor-widget-wrap elementor-element-populated\">\n\t\t\t\t\t\t<div class=\"elementor-element elementor-element-751bb86 elementor-widget elementor-widget-text-editor\" data-id=\"751bb86\" data-element_type=\"widget\" data-e-type=\"widget\" data-widget_type=\"text-editor.default\">\n\t\t\t\t<div class=\"elementor-widget-container\">\n\t\t\t\t\t\t\t\t\t<p class=\"parrafo-servicio\">Assessorem a propietaris d&#8217;immobles a l&#8217;hora de dissenyar l&#8217;estrat\u00e8gia de comercialitzaci\u00f3 amb m\u00e9s valor, aix\u00ed aportem tot el coneixement possible i una visi\u00f3 global.<\/p>\n\t\t\t\t\t\t\t\t<\/div>\n\t\t\t\t<\/div>\n\t\t\t\t\t<\/div>\n\t\t<\/div>\n\t\t\t\t\t<\/div>\n\t\t<\/section>\n\t\t\t\t<section class=\"elementor-section elementor-top-section elementor-element elementor-element-6103e2e elementor-section-stretched elementor-section-full_width elementor-section-content-middle elementor-section-height-default elementor-section-height-default\" data-id=\"6103e2e\" data-element_type=\"section\" data-e-type=\"section\" data-settings=\"{&quot;stretch_section&quot;:&quot;section-stretched&quot;,&quot;background_background&quot;:&quot;classic&quot;}\">\n\t\t\t\t\t\t<div class=\"elementor-container elementor-column-gap-default\">\n\t\t\t\t\t<div class=\"elementor-column elementor-col-66 elementor-top-column elementor-element elementor-element-22fb8f5\" data-id=\"22fb8f5\" data-element_type=\"column\" data-e-type=\"column\">\n\t\t\t<div class=\"elementor-widget-wrap elementor-element-populated\">\n\t\t\t\t\t\t<div class=\"elementor-element elementor-element-c8145ee columna-texto elementor-widget elementor-widget-text-editor\" data-id=\"c8145ee\" data-element_type=\"widget\" data-e-type=\"widget\" data-widget_type=\"text-editor.default\">\n\t\t\t\t<div class=\"elementor-widget-container\">\n\t\t\t\t\t\t\t\t\t<ul style=\"font-size: 18px;\">\n<li>Comercialitzaci\u00f3 d&#8217;immobles: <strong>lloguer\/venda.<\/strong><\/li>\n<li>Cerca d&#8217;arrendataris i compradors.<\/li>\n<li>Pla de m\u00e0rqueting i estrat\u00e8gia de comercialitzaci\u00f3.<\/li>\n<li>Assessorament en la negociaci\u00f3 i tancament de contractes.<\/li>\n<li>Informes de valoraci\u00f3.<\/li>\n<li>Arquitectura corporativa. Gesti\u00f3 integral de projectes, des del disseny i el desenvolupament, fins al lliurament de les claus. Optimitzaci\u00f3 i adequaci\u00f3 d&#8217;espais, adaptaci\u00f3 a normatives i certificacions. Interiorisme.\n<\/li>\n<\/ul>\n\t\t\t\t\t\t\t\t<\/div>\n\t\t\t\t<\/div>\n\t\t\t\t\t<\/div>\n\t\t<\/div>\n\t\t\t\t<div class=\"elementor-column elementor-col-33 elementor-top-column elementor-element elementor-element-d9ff34a\" data-id=\"d9ff34a\" data-element_type=\"column\" data-e-type=\"column\">\n\t\t\t<div class=\"elementor-widget-wrap elementor-element-populated\">\n\t\t\t\t\t\t<div class=\"elementor-element elementor-element-4dd1e59 elementor-widget elementor-widget-html\" data-id=\"4dd1e59\" data-element_type=\"widget\" data-e-type=\"widget\" data-widget_type=\"html.default\">\n\t\t\t\t<div class=\"elementor-widget-container\">\n\t\t\t\t\t<img decoding=\"async\" src=\"\/wp-content\/uploads\/2019\/07\/img_servicios_propietarios-1.png\" style=\"object-fit:cover;\"\/>\t\t\t\t<\/div>\n\t\t\t\t<\/div>\n\t\t\t\t\t<\/div>\n\t\t<\/div>\n\t\t\t\t\t<\/div>\n\t\t<\/section>\n\t\t\t\t<\/div>\n\t\t","protected":false},"excerpt":{"rendered":"<p>Assessorem a propietaris d&#8217;immobles a l&#8217;hora de dissenyar l&#8217;estrat\u00e8gia de comercialitzaci\u00f3 amb m\u00e9s valor, aix\u00ed aportem tot el coneixement possible i una visi\u00f3 global. Comercialitzaci\u00f3 d&#8217;immobles: lloguer\/venda. Cerca d&#8217;arrendataris i compradors. Pla de m\u00e0rqueting i estrat\u00e8gia de comercialitzaci\u00f3. Assessorament en la negociaci\u00f3 i tancament de contractes. Informes de valoraci\u00f3. Arquitectura corporativa. Gesti\u00f3 integral de projectes,&#8230;<\/p>\n","protected":false},"author":3,"featured_media":0,"parent":0,"menu_order":0,"comment_status":"closed","ping_status":"closed","template":"","meta":{"footnotes":""},"class_list":["post-26508","page","type-page","status-publish","hentry"],"yoast_head":"<!-- This site is optimized with the Yoast SEO plugin v27.2 - https:\/\/yoast.com\/product\/yoast-seo-wordpress\/ -->\n<title>Serveis per a Propietaris - Garrods Real Estate<\/title>\n<meta name=\"robots\" content=\"index, follow, max-snippet:-1, max-image-preview:large, max-video-preview:-1\" \/>\n<link rel=\"canonical\" href=\"https:\/\/garrods.es\/servicios-propietarios\/\" \/>\n<meta property=\"og:locale\" content=\"ca_ES\" \/>\n<meta property=\"og:type\" content=\"article\" \/>\n<meta property=\"og:title\" content=\"Serveis per a Propietaris - Garrods Real Estate\" \/>\n<meta property=\"og:description\" content=\"Assessorem a propietaris d&#8217;immobles a l&#8217;hora de dissenyar l&#8217;estrat\u00e8gia de comercialitzaci\u00f3 amb m\u00e9s valor, aix\u00ed aportem tot el coneixement possible i una visi\u00f3 global. Comercialitzaci\u00f3 d&#8217;immobles: lloguer\/venda. Cerca d&#8217;arrendataris i compradors. Pla de m\u00e0rqueting i estrat\u00e8gia de comercialitzaci\u00f3. Assessorament en la negociaci\u00f3 i tancament de contractes. Informes de valoraci\u00f3. Arquitectura corporativa. Gesti\u00f3 integral de projectes,...\" \/>\n<meta property=\"og:url\" content=\"https:\/\/garrods.es\/servicios-propietarios\/\" \/>\n<meta property=\"og:site_name\" content=\"Garrods Real Estate\" \/>\n<meta property=\"article:modified_time\" content=\"2019-10-01T11:51:46+00:00\" \/>\n<meta property=\"og:image\" content=\"https:\/\/garrods.es\/wp-content\/uploads\/2019\/07\/icono_servicio_propietarios.png\" \/>\n\t<meta property=\"og:image:width\" content=\"121\" \/>\n\t<meta property=\"og:image:height\" content=\"113\" \/>\n\t<meta property=\"og:image:type\" content=\"image\/png\" \/>\n<meta name=\"twitter:card\" content=\"summary_large_image\" \/>\n<script type=\"application\/ld+json\" class=\"yoast-schema-graph\">{\"@context\":\"https:\/\/schema.org\",\"@graph\":[{\"@type\":\"WebPage\",\"@id\":\"https:\/\/garrods.es\/servicios-propietarios\/\",\"url\":\"https:\/\/garrods.es\/servicios-propietarios\/\",\"name\":\"Serveis per a Propietaris - Garrods Real Estate\",\"isPartOf\":{\"@id\":\"https:\/\/garrods.es\/#website\"},\"primaryImageOfPage\":{\"@id\":\"https:\/\/garrods.es\/servicios-propietarios\/#primaryimage\"},\"image\":{\"@id\":\"https:\/\/garrods.es\/servicios-propietarios\/#primaryimage\"},\"thumbnailUrl\":\"https:\/\/garrods.es\/wp-content\/uploads\/2019\/07\/icono_servicio_propietarios.png\",\"datePublished\":\"2019-07-11T07:37:03+00:00\",\"dateModified\":\"2019-10-01T11:51:46+00:00\",\"breadcrumb\":{\"@id\":\"https:\/\/garrods.es\/servicios-propietarios\/#breadcrumb\"},\"inLanguage\":\"ca\",\"potentialAction\":[{\"@type\":\"ReadAction\",\"target\":[\"https:\/\/garrods.es\/servicios-propietarios\/\"]}]},{\"@type\":\"ImageObject\",\"inLanguage\":\"ca\",\"@id\":\"https:\/\/garrods.es\/servicios-propietarios\/#primaryimage\",\"url\":\"https:\/\/garrods.es\/wp-content\/uploads\/2019\/07\/icono_servicio_propietarios.png\",\"contentUrl\":\"https:\/\/garrods.es\/wp-content\/uploads\/2019\/07\/icono_servicio_propietarios.png\"},{\"@type\":\"BreadcrumbList\",\"@id\":\"https:\/\/garrods.es\/servicios-propietarios\/#breadcrumb\",\"itemListElement\":[{\"@type\":\"ListItem\",\"position\":1,\"name\":\"Portada\",\"item\":\"https:\/\/garrods.es\/ca\/\"},{\"@type\":\"ListItem\",\"position\":2,\"name\":\"Serveis per a Propietaris\"}]},{\"@type\":\"WebSite\",\"@id\":\"https:\/\/garrods.es\/#website\",\"url\":\"https:\/\/garrods.es\/\",\"name\":\"Garrods Real Estate\",\"description\":\"Alquiler y venta de oficinas en Barcelona\",\"potentialAction\":[{\"@type\":\"SearchAction\",\"target\":{\"@type\":\"EntryPoint\",\"urlTemplate\":\"https:\/\/garrods.es\/?s={search_term_string}\"},\"query-input\":{\"@type\":\"PropertyValueSpecification\",\"valueRequired\":true,\"valueName\":\"search_term_string\"}}],\"inLanguage\":\"ca\"}]}<\/script>\n<!-- \/ Yoast SEO plugin. -->","yoast_head_json":{"title":"Serveis per a Propietaris - Garrods Real Estate","robots":{"index":"index","follow":"follow","max-snippet":"max-snippet:-1","max-image-preview":"max-image-preview:large","max-video-preview":"max-video-preview:-1"},"canonical":"https:\/\/garrods.es\/servicios-propietarios\/","og_locale":"ca_ES","og_type":"article","og_title":"Serveis per a Propietaris - Garrods Real Estate","og_description":"Assessorem a propietaris d&#8217;immobles a l&#8217;hora de dissenyar l&#8217;estrat\u00e8gia de comercialitzaci\u00f3 amb m\u00e9s valor, aix\u00ed aportem tot el coneixement possible i una visi\u00f3 global. Comercialitzaci\u00f3 d&#8217;immobles: lloguer\/venda. Cerca d&#8217;arrendataris i compradors. Pla de m\u00e0rqueting i estrat\u00e8gia de comercialitzaci\u00f3. Assessorament en la negociaci\u00f3 i tancament de contractes. Informes de valoraci\u00f3. Arquitectura corporativa. Gesti\u00f3 integral de projectes,...","og_url":"https:\/\/garrods.es\/servicios-propietarios\/","og_site_name":"Garrods Real Estate","article_modified_time":"2019-10-01T11:51:46+00:00","og_image":[{"width":121,"height":113,"url":"https:\/\/garrods.es\/wp-content\/uploads\/2019\/07\/icono_servicio_propietarios.png","type":"image\/png"}],"twitter_card":"summary_large_image","schema":{"@context":"https:\/\/schema.org","@graph":[{"@type":"WebPage","@id":"https:\/\/garrods.es\/servicios-propietarios\/","url":"https:\/\/garrods.es\/servicios-propietarios\/","name":"Serveis per a Propietaris - Garrods Real Estate","isPartOf":{"@id":"https:\/\/garrods.es\/#website"},"primaryImageOfPage":{"@id":"https:\/\/garrods.es\/servicios-propietarios\/#primaryimage"},"image":{"@id":"https:\/\/garrods.es\/servicios-propietarios\/#primaryimage"},"thumbnailUrl":"https:\/\/garrods.es\/wp-content\/uploads\/2019\/07\/icono_servicio_propietarios.png","datePublished":"2019-07-11T07:37:03+00:00","dateModified":"2019-10-01T11:51:46+00:00","breadcrumb":{"@id":"https:\/\/garrods.es\/servicios-propietarios\/#breadcrumb"},"inLanguage":"ca","potentialAction":[{"@type":"ReadAction","target":["https:\/\/garrods.es\/servicios-propietarios\/"]}]},{"@type":"ImageObject","inLanguage":"ca","@id":"https:\/\/garrods.es\/servicios-propietarios\/#primaryimage","url":"https:\/\/garrods.es\/wp-content\/uploads\/2019\/07\/icono_servicio_propietarios.png","contentUrl":"https:\/\/garrods.es\/wp-content\/uploads\/2019\/07\/icono_servicio_propietarios.png"},{"@type":"BreadcrumbList","@id":"https:\/\/garrods.es\/servicios-propietarios\/#breadcrumb","itemListElement":[{"@type":"ListItem","position":1,"name":"Portada","item":"https:\/\/garrods.es\/ca\/"},{"@type":"ListItem","position":2,"name":"Serveis per a Propietaris"}]},{"@type":"WebSite","@id":"https:\/\/garrods.es\/#website","url":"https:\/\/garrods.es\/","name":"Garrods Real Estate","description":"Alquiler y venta de oficinas en Barcelona","potentialAction":[{"@type":"SearchAction","target":{"@type":"EntryPoint","urlTemplate":"https:\/\/garrods.es\/?s={search_term_string}"},"query-input":{"@type":"PropertyValueSpecification","valueRequired":true,"valueName":"search_term_string"}}],"inLanguage":"ca"}]}},"_links":{"self":[{"href":"https:\/\/garrods.es\/ca\/wp-json\/wp\/v2\/pages\/26508","targetHints":{"allow":["GET"]}}],"collection":[{"href":"https:\/\/garrods.es\/ca\/wp-json\/wp\/v2\/pages"}],"about":[{"href":"https:\/\/garrods.es\/ca\/wp-json\/wp\/v2\/types\/page"}],"author":[{"embeddable":true,"href":"https:\/\/garrods.es\/ca\/wp-json\/wp\/v2\/users\/3"}],"replies":[{"embeddable":true,"href":"https:\/\/garrods.es\/ca\/wp-json\/wp\/v2\/comments?post=26508"}],"version-history":[{"count":0,"href":"https:\/\/garrods.es\/ca\/wp-json\/wp\/v2\/pages\/26508\/revisions"}],"wp:attachment":[{"href":"https:\/\/garrods.es\/ca\/wp-json\/wp\/v2\/media?parent=26508"}],"curies":[{"name":"wp","href":"https:\/\/api.w.org\/{rel}","templated":true}]}}