{"id":26506,"date":"2019-07-10T17:42:42","date_gmt":"2019-07-10T15:42:42","guid":{"rendered":"https:\/\/nueva.garrods.es\/serveis-per-a-usuaris\/"},"modified":"2019-10-01T13:50:11","modified_gmt":"2019-10-01T11:50:11","slug":"serveis-per-a-usuaris","status":"publish","type":"page","link":"https:\/\/garrods.es\/ca\/serveis-per-a-usuaris\/","title":{"rendered":"Serveis per a usuaris"},"content":{"rendered":"\t\t<div data-elementor-type=\"wp-post\" data-elementor-id=\"26506\" class=\"elementor elementor-26506 elementor-4862\">\n\t\t\t\t\t\t<section class=\"elementor-section elementor-top-section elementor-element elementor-element-26ead84 elementor-section-stretched elementor-section-content-middle row-under-header elementor-section-boxed elementor-section-height-default elementor-section-height-default\" data-id=\"26ead84\" data-element_type=\"section\" data-e-type=\"section\" data-settings=\"{&quot;stretch_section&quot;:&quot;section-stretched&quot;}\">\n\t\t\t\t\t\t<div class=\"elementor-container elementor-column-gap-extended\">\n\t\t\t\t\t<div class=\"elementor-column elementor-col-33 elementor-top-column elementor-element elementor-element-0df5787\" data-id=\"0df5787\" data-element_type=\"column\" data-e-type=\"column\">\n\t\t\t<div class=\"elementor-widget-wrap elementor-element-populated\">\n\t\t\t\t\t\t<div class=\"elementor-element elementor-element-5bbfc8c elementor-widget elementor-widget-image\" data-id=\"5bbfc8c\" data-element_type=\"widget\" data-e-type=\"widget\" data-widget_type=\"image.default\">\n\t\t\t\t<div class=\"elementor-widget-container\">\n\t\t\t\t\t\t\t\t\t\t\t\t\t\t\t<img loading=\"lazy\" decoding=\"async\" width=\"135\" height=\"99\" src=\"https:\/\/garrods.es\/wp-content\/uploads\/2019\/07\/icono_confianza.png\" class=\"attachment-full size-full wp-image-6060\" alt=\"\" \/>\t\t\t\t\t\t\t\t\t\t\t\t\t\t\t<\/div>\n\t\t\t\t<\/div>\n\t\t\t\t\t<\/div>\n\t\t<\/div>\n\t\t\t\t<div class=\"elementor-column elementor-col-66 elementor-top-column elementor-element elementor-element-aa5c471\" data-id=\"aa5c471\" data-element_type=\"column\" data-e-type=\"column\">\n\t\t\t<div class=\"elementor-widget-wrap elementor-element-populated\">\n\t\t\t\t\t\t<div class=\"elementor-element elementor-element-751bb86 elementor-widget elementor-widget-text-editor\" data-id=\"751bb86\" data-element_type=\"widget\" data-e-type=\"widget\" data-widget_type=\"text-editor.default\">\n\t\t\t\t<div class=\"elementor-widget-container\">\n\t\t\t\t\t\t\t\t\t<p class=\"parrafo-servicio\">Assessorem a inquilins i ocupants d&#8217;espais de negocis en les seves necessitats immobili\u00e0ries i oferim assessorament integral que garanteixi l&#8217;obtenci\u00f3 del m\u00e0xim valor i flexibilitat.<\/p>\n\t\t\t\t\t\t\t\t<\/div>\n\t\t\t\t<\/div>\n\t\t\t\t\t<\/div>\n\t\t<\/div>\n\t\t\t\t\t<\/div>\n\t\t<\/section>\n\t\t\t\t<section class=\"elementor-section elementor-top-section elementor-element elementor-element-6103e2e elementor-section-stretched elementor-section-full_width elementor-section-content-middle elementor-section-height-default elementor-section-height-default\" data-id=\"6103e2e\" data-element_type=\"section\" data-e-type=\"section\" data-settings=\"{&quot;stretch_section&quot;:&quot;section-stretched&quot;,&quot;background_background&quot;:&quot;classic&quot;}\">\n\t\t\t\t\t\t<div class=\"elementor-container elementor-column-gap-default\">\n\t\t\t\t\t<div class=\"elementor-column elementor-col-66 elementor-top-column elementor-element elementor-element-22fb8f5\" data-id=\"22fb8f5\" data-element_type=\"column\" data-e-type=\"column\">\n\t\t\t<div class=\"elementor-widget-wrap elementor-element-populated\">\n\t\t\t\t\t\t<div class=\"elementor-element elementor-element-c8145ee columna-texto elementor-widget elementor-widget-text-editor\" data-id=\"c8145ee\" data-element_type=\"widget\" data-e-type=\"widget\" data-widget_type=\"text-editor.default\">\n\t\t\t\t<div class=\"elementor-widget-container\">\n\t\t\t\t\t\t\t\t\t<ul style=\"font-size:18px;\">\n<li><strong><em>Tenant Rep<\/em><\/strong><strong>: <\/strong>serveis exclusius d&#8217;assessorament a inquilins.<\/li>\n<li><strong>Cerca<\/strong> d\u2019una nova ubicaci\u00f3.<\/li>\n<li><strong>Reubicaci\u00f3<\/strong> o <strong>relocalitzaci\u00f3<\/strong> d&#8217;espais.<\/li>\n<li><strong>Ampliaci\u00f3\/reducci\u00f3<\/strong> d&#8217;espais.<\/li>\n<li><strong>Renovaci\u00f3<\/strong> i <strong>renegociaci\u00f3<\/strong> de contractes i rendes.<\/li>\n<li><strong>Arquitectura corporativa<\/strong>. Gesti\u00f3 integral de projectes, des del disseny i el desenvolupament, fins al lliurament de les claus. Optimitzaci\u00f3 i adequaci\u00f3 d&#8217;espais, adaptaci\u00f3 a normatives i certificacions. Interiorisme.<\/li>\n<li>Plans de conting\u00e8ncia i externalitzaci\u00f3 d\u2019<strong>\u00e0rees estrat\u00e8giques<\/strong>.<\/li>\n<li>Plans d\u2019<strong>expansi\u00f3<\/strong>.<\/li>\n<\/ul>\n\t\t\t\t\t\t\t\t<\/div>\n\t\t\t\t<\/div>\n\t\t\t\t\t<\/div>\n\t\t<\/div>\n\t\t\t\t<div class=\"elementor-column elementor-col-33 elementor-top-column elementor-element elementor-element-d9ff34a\" data-id=\"d9ff34a\" data-element_type=\"column\" data-e-type=\"column\">\n\t\t\t<div class=\"elementor-widget-wrap elementor-element-populated\">\n\t\t\t\t\t\t<div class=\"elementor-element elementor-element-4dd1e59 elementor-widget elementor-widget-html\" data-id=\"4dd1e59\" data-element_type=\"widget\" data-e-type=\"widget\" data-widget_type=\"html.default\">\n\t\t\t\t<div class=\"elementor-widget-container\">\n\t\t\t\t\t<img decoding=\"async\" src=\"\/wp-content\/uploads\/2019\/07\/img_servicios_usuarios2.png\" style=\"object-fit:cover;\"\/>\t\t\t\t<\/div>\n\t\t\t\t<\/div>\n\t\t\t\t\t<\/div>\n\t\t<\/div>\n\t\t\t\t\t<\/div>\n\t\t<\/section>\n\t\t\t\t<\/div>\n\t\t","protected":false},"excerpt":{"rendered":"<p>Assessorem a inquilins i ocupants d&#8217;espais de negocis en les seves necessitats immobili\u00e0ries i oferim assessorament integral que garanteixi l&#8217;obtenci\u00f3 del m\u00e0xim valor i flexibilitat. Tenant Rep: serveis exclusius d&#8217;assessorament a inquilins. Cerca d\u2019una nova ubicaci\u00f3. Reubicaci\u00f3 o relocalitzaci\u00f3 d&#8217;espais. Ampliaci\u00f3\/reducci\u00f3 d&#8217;espais. Renovaci\u00f3 i renegociaci\u00f3 de contractes i rendes. Arquitectura corporativa. Gesti\u00f3 integral de projectes,&#8230;<\/p>\n","protected":false},"author":3,"featured_media":0,"parent":0,"menu_order":0,"comment_status":"closed","ping_status":"closed","template":"","meta":{"footnotes":""},"class_list":["post-26506","page","type-page","status-publish","hentry"],"yoast_head":"<!-- This site is optimized with the Yoast SEO plugin v27.2 - https:\/\/yoast.com\/product\/yoast-seo-wordpress\/ -->\n<title>Serveis per a usuaris - Garrods Real Estate<\/title>\n<meta name=\"robots\" content=\"index, follow, max-snippet:-1, max-image-preview:large, max-video-preview:-1\" \/>\n<link rel=\"canonical\" href=\"https:\/\/garrods.es\/servicios-usuarios\/\" \/>\n<meta property=\"og:locale\" content=\"ca_ES\" \/>\n<meta property=\"og:type\" content=\"article\" \/>\n<meta property=\"og:title\" content=\"Serveis per a usuaris - Garrods Real Estate\" \/>\n<meta property=\"og:description\" content=\"Assessorem a inquilins i ocupants d&#8217;espais de negocis en les seves necessitats immobili\u00e0ries i oferim assessorament integral que garanteixi l&#8217;obtenci\u00f3 del m\u00e0xim valor i flexibilitat. Tenant Rep: serveis exclusius d&#8217;assessorament a inquilins. Cerca d\u2019una nova ubicaci\u00f3. Reubicaci\u00f3 o relocalitzaci\u00f3 d&#8217;espais. Ampliaci\u00f3\/reducci\u00f3 d&#8217;espais. Renovaci\u00f3 i renegociaci\u00f3 de contractes i rendes. Arquitectura corporativa. Gesti\u00f3 integral de projectes,...\" \/>\n<meta property=\"og:url\" content=\"https:\/\/garrods.es\/servicios-usuarios\/\" \/>\n<meta property=\"og:site_name\" content=\"Garrods Real Estate\" \/>\n<meta property=\"article:modified_time\" content=\"2019-10-01T11:50:11+00:00\" \/>\n<meta property=\"og:image\" content=\"https:\/\/garrods.es\/wp-content\/uploads\/2019\/07\/icono_confianza.png\" \/>\n\t<meta property=\"og:image:width\" content=\"135\" \/>\n\t<meta property=\"og:image:height\" content=\"99\" \/>\n\t<meta property=\"og:image:type\" content=\"image\/png\" \/>\n<meta name=\"twitter:card\" content=\"summary_large_image\" \/>\n<script type=\"application\/ld+json\" class=\"yoast-schema-graph\">{\"@context\":\"https:\/\/schema.org\",\"@graph\":[{\"@type\":\"WebPage\",\"@id\":\"https:\/\/garrods.es\/servicios-usuarios\/\",\"url\":\"https:\/\/garrods.es\/servicios-usuarios\/\",\"name\":\"Serveis per a usuaris - Garrods Real Estate\",\"isPartOf\":{\"@id\":\"https:\/\/garrods.es\/#website\"},\"primaryImageOfPage\":{\"@id\":\"https:\/\/garrods.es\/servicios-usuarios\/#primaryimage\"},\"image\":{\"@id\":\"https:\/\/garrods.es\/servicios-usuarios\/#primaryimage\"},\"thumbnailUrl\":\"https:\/\/garrods.es\/wp-content\/uploads\/2019\/07\/icono_confianza.png\",\"datePublished\":\"2019-07-10T15:42:42+00:00\",\"dateModified\":\"2019-10-01T11:50:11+00:00\",\"breadcrumb\":{\"@id\":\"https:\/\/garrods.es\/servicios-usuarios\/#breadcrumb\"},\"inLanguage\":\"ca\",\"potentialAction\":[{\"@type\":\"ReadAction\",\"target\":[\"https:\/\/garrods.es\/servicios-usuarios\/\"]}]},{\"@type\":\"ImageObject\",\"inLanguage\":\"ca\",\"@id\":\"https:\/\/garrods.es\/servicios-usuarios\/#primaryimage\",\"url\":\"https:\/\/garrods.es\/wp-content\/uploads\/2019\/07\/icono_confianza.png\",\"contentUrl\":\"https:\/\/garrods.es\/wp-content\/uploads\/2019\/07\/icono_confianza.png\"},{\"@type\":\"BreadcrumbList\",\"@id\":\"https:\/\/garrods.es\/servicios-usuarios\/#breadcrumb\",\"itemListElement\":[{\"@type\":\"ListItem\",\"position\":1,\"name\":\"Portada\",\"item\":\"https:\/\/garrods.es\/ca\/\"},{\"@type\":\"ListItem\",\"position\":2,\"name\":\"Serveis per a usuaris\"}]},{\"@type\":\"WebSite\",\"@id\":\"https:\/\/garrods.es\/#website\",\"url\":\"https:\/\/garrods.es\/\",\"name\":\"Garrods Real Estate\",\"description\":\"Alquiler y venta de oficinas en Barcelona\",\"potentialAction\":[{\"@type\":\"SearchAction\",\"target\":{\"@type\":\"EntryPoint\",\"urlTemplate\":\"https:\/\/garrods.es\/?s={search_term_string}\"},\"query-input\":{\"@type\":\"PropertyValueSpecification\",\"valueRequired\":true,\"valueName\":\"search_term_string\"}}],\"inLanguage\":\"ca\"}]}<\/script>\n<!-- \/ Yoast SEO plugin. -->","yoast_head_json":{"title":"Serveis per a usuaris - Garrods Real Estate","robots":{"index":"index","follow":"follow","max-snippet":"max-snippet:-1","max-image-preview":"max-image-preview:large","max-video-preview":"max-video-preview:-1"},"canonical":"https:\/\/garrods.es\/servicios-usuarios\/","og_locale":"ca_ES","og_type":"article","og_title":"Serveis per a usuaris - Garrods Real Estate","og_description":"Assessorem a inquilins i ocupants d&#8217;espais de negocis en les seves necessitats immobili\u00e0ries i oferim assessorament integral que garanteixi l&#8217;obtenci\u00f3 del m\u00e0xim valor i flexibilitat. Tenant Rep: serveis exclusius d&#8217;assessorament a inquilins. Cerca d\u2019una nova ubicaci\u00f3. Reubicaci\u00f3 o relocalitzaci\u00f3 d&#8217;espais. Ampliaci\u00f3\/reducci\u00f3 d&#8217;espais. Renovaci\u00f3 i renegociaci\u00f3 de contractes i rendes. Arquitectura corporativa. Gesti\u00f3 integral de projectes,...","og_url":"https:\/\/garrods.es\/servicios-usuarios\/","og_site_name":"Garrods Real Estate","article_modified_time":"2019-10-01T11:50:11+00:00","og_image":[{"width":135,"height":99,"url":"https:\/\/garrods.es\/wp-content\/uploads\/2019\/07\/icono_confianza.png","type":"image\/png"}],"twitter_card":"summary_large_image","schema":{"@context":"https:\/\/schema.org","@graph":[{"@type":"WebPage","@id":"https:\/\/garrods.es\/servicios-usuarios\/","url":"https:\/\/garrods.es\/servicios-usuarios\/","name":"Serveis per a usuaris - Garrods Real Estate","isPartOf":{"@id":"https:\/\/garrods.es\/#website"},"primaryImageOfPage":{"@id":"https:\/\/garrods.es\/servicios-usuarios\/#primaryimage"},"image":{"@id":"https:\/\/garrods.es\/servicios-usuarios\/#primaryimage"},"thumbnailUrl":"https:\/\/garrods.es\/wp-content\/uploads\/2019\/07\/icono_confianza.png","datePublished":"2019-07-10T15:42:42+00:00","dateModified":"2019-10-01T11:50:11+00:00","breadcrumb":{"@id":"https:\/\/garrods.es\/servicios-usuarios\/#breadcrumb"},"inLanguage":"ca","potentialAction":[{"@type":"ReadAction","target":["https:\/\/garrods.es\/servicios-usuarios\/"]}]},{"@type":"ImageObject","inLanguage":"ca","@id":"https:\/\/garrods.es\/servicios-usuarios\/#primaryimage","url":"https:\/\/garrods.es\/wp-content\/uploads\/2019\/07\/icono_confianza.png","contentUrl":"https:\/\/garrods.es\/wp-content\/uploads\/2019\/07\/icono_confianza.png"},{"@type":"BreadcrumbList","@id":"https:\/\/garrods.es\/servicios-usuarios\/#breadcrumb","itemListElement":[{"@type":"ListItem","position":1,"name":"Portada","item":"https:\/\/garrods.es\/ca\/"},{"@type":"ListItem","position":2,"name":"Serveis per a usuaris"}]},{"@type":"WebSite","@id":"https:\/\/garrods.es\/#website","url":"https:\/\/garrods.es\/","name":"Garrods Real Estate","description":"Alquiler y venta de oficinas en Barcelona","potentialAction":[{"@type":"SearchAction","target":{"@type":"EntryPoint","urlTemplate":"https:\/\/garrods.es\/?s={search_term_string}"},"query-input":{"@type":"PropertyValueSpecification","valueRequired":true,"valueName":"search_term_string"}}],"inLanguage":"ca"}]}},"_links":{"self":[{"href":"https:\/\/garrods.es\/ca\/wp-json\/wp\/v2\/pages\/26506","targetHints":{"allow":["GET"]}}],"collection":[{"href":"https:\/\/garrods.es\/ca\/wp-json\/wp\/v2\/pages"}],"about":[{"href":"https:\/\/garrods.es\/ca\/wp-json\/wp\/v2\/types\/page"}],"author":[{"embeddable":true,"href":"https:\/\/garrods.es\/ca\/wp-json\/wp\/v2\/users\/3"}],"replies":[{"embeddable":true,"href":"https:\/\/garrods.es\/ca\/wp-json\/wp\/v2\/comments?post=26506"}],"version-history":[{"count":0,"href":"https:\/\/garrods.es\/ca\/wp-json\/wp\/v2\/pages\/26506\/revisions"}],"wp:attachment":[{"href":"https:\/\/garrods.es\/ca\/wp-json\/wp\/v2\/media?parent=26506"}],"curies":[{"name":"wp","href":"https:\/\/api.w.org\/{rel}","templated":true}]}}