{"id":26500,"date":"2019-07-10T12:54:09","date_gmt":"2019-07-10T10:54:09","guid":{"rendered":"https:\/\/nueva.garrods.es\/serveis\/"},"modified":"2019-10-01T13:49:09","modified_gmt":"2019-10-01T11:49:09","slug":"serveis","status":"publish","type":"page","link":"https:\/\/garrods.es\/ca\/serveis\/","title":{"rendered":"Serveis"},"content":{"rendered":"\t\t<div data-elementor-type=\"wp-post\" data-elementor-id=\"26500\" class=\"elementor elementor-26500 elementor-4817\">\n\t\t\t\t\t\t<section class=\"elementor-section elementor-top-section elementor-element elementor-element-26ead84 elementor-section-stretched elementor-section-content-middle row-under-header elementor-section-boxed elementor-section-height-default elementor-section-height-default\" data-id=\"26ead84\" data-element_type=\"section\" data-e-type=\"section\" data-settings=\"{&quot;stretch_section&quot;:&quot;section-stretched&quot;}\">\n\t\t\t\t\t\t<div class=\"elementor-container elementor-column-gap-extended\">\n\t\t\t\t\t<div class=\"elementor-column elementor-col-33 elementor-top-column elementor-element elementor-element-0df5787\" data-id=\"0df5787\" data-element_type=\"column\" data-e-type=\"column\">\n\t\t\t<div class=\"elementor-widget-wrap elementor-element-populated\">\n\t\t\t\t\t\t<div class=\"elementor-element elementor-element-5bbfc8c elementor-widget elementor-widget-image\" data-id=\"5bbfc8c\" data-element_type=\"widget\" data-e-type=\"widget\" data-widget_type=\"image.default\">\n\t\t\t\t<div class=\"elementor-widget-container\">\n\t\t\t\t\t\t\t\t\t\t\t\t\t\t\t<img loading=\"lazy\" decoding=\"async\" width=\"95\" height=\"95\" src=\"https:\/\/garrods.es\/wp-content\/uploads\/2019\/07\/icono_servicios.png\" class=\"attachment-full size-full wp-image-6046\" alt=\"\" \/>\t\t\t\t\t\t\t\t\t\t\t\t\t\t\t<\/div>\n\t\t\t\t<\/div>\n\t\t\t\t\t<\/div>\n\t\t<\/div>\n\t\t\t\t<div class=\"elementor-column elementor-col-66 elementor-top-column elementor-element elementor-element-aa5c471\" data-id=\"aa5c471\" data-element_type=\"column\" data-e-type=\"column\">\n\t\t\t<div class=\"elementor-widget-wrap elementor-element-populated\">\n\t\t\t\t\t\t<div class=\"elementor-element elementor-element-751bb86 elementor-widget elementor-widget-text-editor\" data-id=\"751bb86\" data-element_type=\"widget\" data-e-type=\"widget\" data-widget_type=\"text-editor.default\">\n\t\t\t\t<div class=\"elementor-widget-container\">\n\t\t\t\t\t\t\t\t\t<p>El nostre cat\u00e0leg inclou un ampli ventall de serveis, cadascun focalitzat en aconseguir el millor rendiment. Gaudim d&#8217;una experi\u00e8ncia i d&#8217;un equip multidisciplinari sempre focalitzats en aportar el m\u00e0xim valor a les seves operacions i necessitats.<\/p>\n\t\t\t\t\t\t\t\t<\/div>\n\t\t\t\t<\/div>\n\t\t\t\t\t<\/div>\n\t\t<\/div>\n\t\t\t\t\t<\/div>\n\t\t<\/section>\n\t\t\t\t<section class=\"elementor-section elementor-top-section elementor-element elementor-element-6dddac7 elementor-section-stretched elementor-section-full_width elementor-section-content-middle elementor-reverse-mobile elementor-section-height-default elementor-section-height-default\" data-id=\"6dddac7\" data-element_type=\"section\" data-e-type=\"section\" data-settings=\"{&quot;stretch_section&quot;:&quot;section-stretched&quot;,&quot;background_background&quot;:&quot;classic&quot;}\">\n\t\t\t\t\t\t<div class=\"elementor-container elementor-column-gap-default\">\n\t\t\t\t\t<div class=\"elementor-column elementor-col-33 elementor-top-column elementor-element elementor-element-d4b9c46\" data-id=\"d4b9c46\" data-element_type=\"column\" data-e-type=\"column\" data-settings=\"{&quot;background_background&quot;:&quot;classic&quot;}\">\n\t\t\t<div class=\"elementor-widget-wrap elementor-element-populated\">\n\t\t\t\t\t\t<div class=\"elementor-element elementor-element-015adc7 elementor-widget elementor-widget-html\" data-id=\"015adc7\" data-element_type=\"widget\" data-e-type=\"widget\" data-widget_type=\"html.default\">\n\t\t\t\t<div class=\"elementor-widget-container\">\n\t\t\t\t\t<img decoding=\"async\" src=\"\/wp-content\/uploads\/2019\/07\/img_asesoria_iz.png\" style=\"object-fit:cover;\"\/>\t\t\t\t<\/div>\n\t\t\t\t<\/div>\n\t\t\t\t\t<\/div>\n\t\t<\/div>\n\t\t\t\t<div class=\"elementor-column elementor-col-66 elementor-top-column elementor-element elementor-element-125fd4a\" data-id=\"125fd4a\" data-element_type=\"column\" data-e-type=\"column\">\n\t\t\t<div class=\"elementor-widget-wrap elementor-element-populated\">\n\t\t\t\t\t\t<div class=\"elementor-element elementor-element-446cd97 columna-texto elementor-widget elementor-widget-text-editor\" data-id=\"446cd97\" data-element_type=\"widget\" data-e-type=\"widget\" data-widget_type=\"text-editor.default\">\n\t\t\t\t<div class=\"elementor-widget-container\">\n\t\t\t\t\t\t\t\t\t<h2 class=\"titulo-verde-servicio\">AG\u00c8NCIA IMMOBILI\u00c0RIA<\/h2>\n<p>Assessorament i intermediaci\u00f3 en la comercialitzaci\u00f3 d&#8217;actius en lloguer i compravenda, aix\u00ed com assessorament a inquilins en el proc\u00e9s de cerca i reubicaci\u00f3 de nous espais de negoci.<\/p>\n<ul style=\"font-size: 14px;\">\n<li>Estudi de la compet\u00e8ncia i an\u00e0lisi del mercat.\n<\/li>\n<li>An\u00e0lisis financeres i estudis de viabilitat.\n<\/li>\n<li>Definici\u00f3 del pla de m\u00e0rqueting i estrat\u00e8gia de comercialitzaci\u00f3.\n<\/li>\n<li>Cerca activa d&#8217;inquilins\/compradors.\n<\/li>\n<li>Assessorament en la negociaci\u00f3 i tancament del contracte d&#8217;arrendament o compravenda.\n<\/li>\n<\/ul>\n\t\t\t\t\t\t\t\t<\/div>\n\t\t\t\t<\/div>\n\t\t\t\t\t<\/div>\n\t\t<\/div>\n\t\t\t\t\t<\/div>\n\t\t<\/section>\n\t\t\t\t<section class=\"elementor-section elementor-top-section elementor-element elementor-element-6103e2e elementor-section-stretched elementor-section-full_width elementor-section-height-default elementor-section-height-default\" data-id=\"6103e2e\" data-element_type=\"section\" data-e-type=\"section\" data-settings=\"{&quot;stretch_section&quot;:&quot;section-stretched&quot;}\">\n\t\t\t\t\t\t<div class=\"elementor-container elementor-column-gap-default\">\n\t\t\t\t\t<div class=\"elementor-column elementor-col-66 elementor-top-column elementor-element elementor-element-22fb8f5\" data-id=\"22fb8f5\" data-element_type=\"column\" data-e-type=\"column\">\n\t\t\t<div class=\"elementor-widget-wrap elementor-element-populated\">\n\t\t\t\t\t\t<div class=\"elementor-element elementor-element-c8145ee columna-texto elementor-widget elementor-widget-text-editor\" data-id=\"c8145ee\" data-element_type=\"widget\" data-e-type=\"widget\" data-widget_type=\"text-editor.default\">\n\t\t\t\t<div class=\"elementor-widget-container\">\n\t\t\t\t\t\t\t\t\t<h2 class=\"titulo-verde-servicio\">CONSULTOR\u00cdA<\/h2>\n<p style=\"font-size:16px;\">Ajudem als nostres clients a generar valor afegit en l&#8217;an\u00e0lisi de viabilitat de qualsevol projecte immobiliari. <\/p>\n<ul>\n<li>Informes de valoraci\u00f3 de rendes.<\/li>\n<li>Pla de negocis immobiliari.<\/li>\n<li>An\u00e0lisi de viabilitat de projectes immobiliaris.<\/li>\n<li>Optimitzaci\u00f3 d&#8217;immobles i cartera d&#8217;actius.<\/li>\n<li>Estudis de mercat espec\u00edfics.<\/li>\n<li>Comparatives d&#8217;operacions tancades.<\/li>\n<li>Valoracions immobili\u00e0ries.<\/li>\n<li>Propostes de comercialitzaci\u00f3.<\/li>\n<\/ul>\n\t\t\t\t\t\t\t\t<\/div>\n\t\t\t\t<\/div>\n\t\t\t\t\t<\/div>\n\t\t<\/div>\n\t\t\t\t<div class=\"elementor-column elementor-col-33 elementor-top-column elementor-element elementor-element-d9ff34a\" data-id=\"d9ff34a\" data-element_type=\"column\" data-e-type=\"column\">\n\t\t\t<div class=\"elementor-widget-wrap elementor-element-populated\">\n\t\t\t\t\t\t<div class=\"elementor-element elementor-element-4dd1e59 elementor-widget elementor-widget-html\" data-id=\"4dd1e59\" data-element_type=\"widget\" data-e-type=\"widget\" data-widget_type=\"html.default\">\n\t\t\t\t<div class=\"elementor-widget-container\">\n\t\t\t\t\t<img decoding=\"async\" src=\"\/wp-content\/uploads\/2019\/07\/img_consultoria.png\" style=\"object-fit:cover;\"\/>\t\t\t\t<\/div>\n\t\t\t\t<\/div>\n\t\t\t\t\t<\/div>\n\t\t<\/div>\n\t\t\t\t\t<\/div>\n\t\t<\/section>\n\t\t\t\t<section class=\"elementor-section elementor-top-section elementor-element elementor-element-cd0f0ad elementor-section-stretched elementor-section-full_width elementor-reverse-mobile elementor-section-height-default elementor-section-height-default\" data-id=\"cd0f0ad\" data-element_type=\"section\" data-e-type=\"section\" data-settings=\"{&quot;stretch_section&quot;:&quot;section-stretched&quot;,&quot;background_background&quot;:&quot;classic&quot;}\">\n\t\t\t\t\t\t<div class=\"elementor-container elementor-column-gap-default\">\n\t\t\t\t\t<div class=\"elementor-column elementor-col-33 elementor-top-column elementor-element elementor-element-8edde51\" data-id=\"8edde51\" data-element_type=\"column\" data-e-type=\"column\" data-settings=\"{&quot;background_background&quot;:&quot;classic&quot;}\">\n\t\t\t<div class=\"elementor-widget-wrap elementor-element-populated\">\n\t\t\t\t\t\t<div class=\"elementor-element elementor-element-56f4f5c elementor-widget elementor-widget-image\" data-id=\"56f4f5c\" data-element_type=\"widget\" data-e-type=\"widget\" data-widget_type=\"image.default\">\n\t\t\t\t<div class=\"elementor-widget-container\">\n\t\t\t\t\t\t\t\t\t\t\t\t\t\t\t<img loading=\"lazy\" decoding=\"async\" width=\"657\" height=\"334\" src=\"https:\/\/garrods.es\/wp-content\/uploads\/2019\/07\/img_representacion.png\" class=\"attachment-large size-large wp-image-6054\" alt=\"\" srcset=\"https:\/\/garrods.es\/wp-content\/uploads\/2019\/07\/img_representacion.png 657w, https:\/\/garrods.es\/wp-content\/uploads\/2019\/07\/img_representacion-300x153.png 300w, https:\/\/garrods.es\/wp-content\/uploads\/2019\/07\/img_representacion-150x76.png 150w\" sizes=\"auto, (max-width: 657px) 100vw, 657px\" \/>\t\t\t\t\t\t\t\t\t\t\t\t\t\t\t<\/div>\n\t\t\t\t<\/div>\n\t\t\t\t\t<\/div>\n\t\t<\/div>\n\t\t\t\t<div class=\"elementor-column elementor-col-66 elementor-top-column elementor-element elementor-element-77a27ee\" data-id=\"77a27ee\" data-element_type=\"column\" data-e-type=\"column\">\n\t\t\t<div class=\"elementor-widget-wrap elementor-element-populated\">\n\t\t\t\t\t\t<div class=\"elementor-element elementor-element-2b3d38e columna-texto elementor-widget elementor-widget-text-editor\" data-id=\"2b3d38e\" data-element_type=\"widget\" data-e-type=\"widget\" data-widget_type=\"text-editor.default\">\n\t\t\t\t<div class=\"elementor-widget-container\">\n\t\t\t\t\t\t\t\t\t<h2 class=\"titulo-verde-servicio\">REPRESENTACI\u00d3 D&#8217;INQUILINS<\/h2>\n<p style=\"font-size:16px;\">Oferim serveis exclusius d&#8217;assessorament i representaci\u00f3 a inquilins per a la identificaci\u00f3 dels immobles que millor s&#8217;adapten a les seves necessitats.<\/p>\n<ul>\n<li>Renegociacions de contractes i revisi\u00f3 de rendes.<\/li>\n<li>Reubicaci\u00f3 i relocalitzaci\u00f3 de seus socials.<\/li>\n<li>Cerca de seu corporativa.<\/li>\n<li>Ampliaci\u00f3 i reducci\u00f3 d&#8217;espais de negoci.<\/li>\n<\/ul>\n\t\t\t\t\t\t\t\t<\/div>\n\t\t\t\t<\/div>\n\t\t\t\t\t<\/div>\n\t\t<\/div>\n\t\t\t\t\t<\/div>\n\t\t<\/section>\n\t\t\t\t<section class=\"elementor-section elementor-top-section elementor-element elementor-element-095a23e elementor-section-stretched elementor-section-full_width elementor-section-height-default elementor-section-height-default\" data-id=\"095a23e\" data-element_type=\"section\" data-e-type=\"section\" data-settings=\"{&quot;stretch_section&quot;:&quot;section-stretched&quot;}\">\n\t\t\t\t\t\t<div class=\"elementor-container elementor-column-gap-default\">\n\t\t\t\t\t<div class=\"elementor-column elementor-col-66 elementor-top-column elementor-element elementor-element-4f01712\" data-id=\"4f01712\" data-element_type=\"column\" data-e-type=\"column\">\n\t\t\t<div class=\"elementor-widget-wrap elementor-element-populated\">\n\t\t\t\t\t\t<div class=\"elementor-element elementor-element-384e255 columna-texto elementor-widget elementor-widget-text-editor\" data-id=\"384e255\" data-element_type=\"widget\" data-e-type=\"widget\" data-widget_type=\"text-editor.default\">\n\t\t\t\t<div class=\"elementor-widget-container\">\n\t\t\t\t\t\t\t\t\t<h2 class=\"titulo-verde-servicio\">INVERSI\u00d3<\/h2>\n<p style=\"font-size: 16px;\">Assessorem en processos d&#8217;inversi\u00f3 i de desinversi\u00f3 d&#8217;actius i busquem la m\u00e0xima rendibilitat i optimitzaci\u00f3 de cada operaci\u00f3. Focalitzaci\u00f3 integral i disseny i gesti\u00f3 de processos de <em>sale &amp; leaseback<\/em> (venda i arrendament posterior).<\/p>\n<ul>\n<li>Assessorament en processos d&#8217;inversi\u00f3.<\/li>\n<li>Assessorament en processos de desinversi\u00f3.<\/li>\n<li>Assessorament en processos de <em>sale &amp; leaseback<\/em> (venda i arrendament posterior).<\/li>\n<\/ul>\n\t\t\t\t\t\t\t\t<\/div>\n\t\t\t\t<\/div>\n\t\t\t\t\t<\/div>\n\t\t<\/div>\n\t\t\t\t<div class=\"elementor-column elementor-col-33 elementor-top-column elementor-element elementor-element-bf4c1fd\" data-id=\"bf4c1fd\" data-element_type=\"column\" data-e-type=\"column\">\n\t\t\t<div class=\"elementor-widget-wrap elementor-element-populated\">\n\t\t\t\t\t\t<div class=\"elementor-element elementor-element-58c8308 elementor-widget__width-initial elementor-widget elementor-widget-image\" data-id=\"58c8308\" data-element_type=\"widget\" data-e-type=\"widget\" data-widget_type=\"image.default\">\n\t\t\t\t<div class=\"elementor-widget-container\">\n\t\t\t\t\t\t\t\t\t\t\t\t\t\t\t<img loading=\"lazy\" decoding=\"async\" width=\"658\" height=\"334\" src=\"https:\/\/garrods.es\/wp-content\/uploads\/2019\/07\/img_inversion.png\" class=\"attachment-large size-large wp-image-6052\" alt=\"\" srcset=\"https:\/\/garrods.es\/wp-content\/uploads\/2019\/07\/img_inversion.png 658w, https:\/\/garrods.es\/wp-content\/uploads\/2019\/07\/img_inversion-300x152.png 300w, https:\/\/garrods.es\/wp-content\/uploads\/2019\/07\/img_inversion-150x76.png 150w\" sizes=\"auto, (max-width: 658px) 100vw, 658px\" \/>\t\t\t\t\t\t\t\t\t\t\t\t\t\t\t<\/div>\n\t\t\t\t<\/div>\n\t\t\t\t\t<\/div>\n\t\t<\/div>\n\t\t\t\t\t<\/div>\n\t\t<\/section>\n\t\t\t\t<section class=\"elementor-section elementor-top-section elementor-element elementor-element-90071fb elementor-section-stretched elementor-section-full_width elementor-reverse-mobile elementor-section-height-default elementor-section-height-default\" data-id=\"90071fb\" data-element_type=\"section\" data-e-type=\"section\" data-settings=\"{&quot;stretch_section&quot;:&quot;section-stretched&quot;,&quot;background_background&quot;:&quot;classic&quot;}\">\n\t\t\t\t\t\t<div class=\"elementor-container elementor-column-gap-default\">\n\t\t\t\t\t<div class=\"elementor-column elementor-col-33 elementor-top-column elementor-element elementor-element-5ccd0d4\" data-id=\"5ccd0d4\" data-element_type=\"column\" data-e-type=\"column\" data-settings=\"{&quot;background_background&quot;:&quot;classic&quot;}\">\n\t\t\t<div class=\"elementor-widget-wrap elementor-element-populated\">\n\t\t\t\t\t\t<div class=\"elementor-element elementor-element-a3c8f58 elementor-widget elementor-widget-image\" data-id=\"a3c8f58\" data-element_type=\"widget\" data-e-type=\"widget\" data-widget_type=\"image.default\">\n\t\t\t\t<div class=\"elementor-widget-container\">\n\t\t\t\t\t\t\t\t\t\t\t\t\t\t\t<img loading=\"lazy\" decoding=\"async\" width=\"828\" height=\"420\" src=\"https:\/\/garrods.es\/wp-content\/uploads\/2019\/09\/Chicas_Y_chicos_Escaleras-1024x520.png\" class=\"attachment-large size-large wp-image-42794\" alt=\"\" srcset=\"https:\/\/garrods.es\/wp-content\/uploads\/2019\/09\/Chicas_Y_chicos_Escaleras-1024x520.png 1024w, https:\/\/garrods.es\/wp-content\/uploads\/2019\/09\/Chicas_Y_chicos_Escaleras-300x152.png 300w, https:\/\/garrods.es\/wp-content\/uploads\/2019\/09\/Chicas_Y_chicos_Escaleras-768x390.png 768w, https:\/\/garrods.es\/wp-content\/uploads\/2019\/09\/Chicas_Y_chicos_Escaleras-150x76.png 150w, https:\/\/garrods.es\/wp-content\/uploads\/2019\/09\/Chicas_Y_chicos_Escaleras.png 1316w\" sizes=\"auto, (max-width: 828px) 100vw, 828px\" \/>\t\t\t\t\t\t\t\t\t\t\t\t\t\t\t<\/div>\n\t\t\t\t<\/div>\n\t\t\t\t\t<\/div>\n\t\t<\/div>\n\t\t\t\t<div class=\"elementor-column elementor-col-66 elementor-top-column elementor-element elementor-element-e952abc\" data-id=\"e952abc\" data-element_type=\"column\" data-e-type=\"column\">\n\t\t\t<div class=\"elementor-widget-wrap elementor-element-populated\">\n\t\t\t\t\t\t<div class=\"elementor-element elementor-element-8bb32ab columna-texto elementor-widget elementor-widget-text-editor\" data-id=\"8bb32ab\" data-element_type=\"widget\" data-e-type=\"widget\" data-widget_type=\"text-editor.default\">\n\t\t\t\t<div class=\"elementor-widget-container\">\n\t\t\t\t\t\t\t\t\t<h2 class=\"titulo-verde-servicio\">ARQUITECTURA CORPORATIVA<\/h2>\n<p style=\"font-size:16px;\">Gestionem i planifiquem, de manera integral, espais de treball, projectes de disseny, normatives i construcci\u00f3 per a oficines i despatxos, seus corporatives i edificis. Serveis de <em>fitout<\/em> i <em>facility management<\/em> per a usuaris i propietaris.<\/p>\n<ul>\n<li><em>Space planning<\/em>: planificaci\u00f3 d&#8217;espais de treball.<\/li>\n<li>Disseny interior: estudi i desenvolupament de projectes globals d&#8217;interiorisme.<\/li>\n<li><em>Renders<\/em> i 3D: presentaci\u00f3 de projectes en imatges realistes i vistes axonom\u00e8triques globals.<\/li>\n<li>Direcci\u00f3 d&#8217;obra.<\/li>\n<li>Gesti\u00f3 de trasllats: coordinaci\u00f3 global del trasllat f\u00edsic.<\/li>\n<li>Legalitzacions: preparaci\u00f3 i presentaci\u00f3 dels documents necessaris. Obtenci\u00f3 de permisos i llic\u00e8ncies d&#8217;obra.<\/li>\n<\/ul>\n\t\t\t\t\t\t\t\t<\/div>\n\t\t\t\t<\/div>\n\t\t\t\t\t<\/div>\n\t\t<\/div>\n\t\t\t\t\t<\/div>\n\t\t<\/section>\n\t\t\t\t<\/div>\n\t\t","protected":false},"excerpt":{"rendered":"<p>El nostre cat\u00e0leg inclou un ampli ventall de serveis, cadascun focalitzat en aconseguir el millor rendiment. Gaudim d&#8217;una experi\u00e8ncia i d&#8217;un equip multidisciplinari sempre focalitzats en aportar el m\u00e0xim valor a les seves operacions i necessitats. AG\u00c8NCIA IMMOBILI\u00c0RIA Assessorament i intermediaci\u00f3 en la comercialitzaci\u00f3 d&#8217;actius en lloguer i compravenda, aix\u00ed com assessorament a inquilins en&#8230;<\/p>\n","protected":false},"author":3,"featured_media":0,"parent":0,"menu_order":0,"comment_status":"closed","ping_status":"closed","template":"","meta":{"footnotes":""},"class_list":["post-26500","page","type-page","status-publish","hentry"],"yoast_head":"<!-- This site is optimized with the Yoast SEO plugin v27.2 - https:\/\/yoast.com\/product\/yoast-seo-wordpress\/ -->\n<title>Serveis - Garrods Real Estate<\/title>\n<meta name=\"robots\" content=\"index, follow, max-snippet:-1, max-image-preview:large, max-video-preview:-1\" \/>\n<link rel=\"canonical\" href=\"https:\/\/garrods.es\/nosotros\/\" \/>\n<meta property=\"og:locale\" content=\"ca_ES\" \/>\n<meta property=\"og:type\" content=\"article\" \/>\n<meta property=\"og:title\" content=\"Serveis - Garrods Real Estate\" \/>\n<meta property=\"og:description\" content=\"El nostre cat\u00e0leg inclou un ampli ventall de serveis, cadascun focalitzat en aconseguir el millor rendiment. Gaudim d&#8217;una experi\u00e8ncia i d&#8217;un equip multidisciplinari sempre focalitzats en aportar el m\u00e0xim valor a les seves operacions i necessitats. AG\u00c8NCIA IMMOBILI\u00c0RIA Assessorament i intermediaci\u00f3 en la comercialitzaci\u00f3 d&#8217;actius en lloguer i compravenda, aix\u00ed com assessorament a inquilins en...\" \/>\n<meta property=\"og:url\" content=\"https:\/\/garrods.es\/nosotros\/\" \/>\n<meta property=\"og:site_name\" content=\"Garrods Real Estate\" \/>\n<meta property=\"article:modified_time\" content=\"2019-10-01T11:49:09+00:00\" \/>\n<meta property=\"og:image\" content=\"https:\/\/garrods.es\/wp-content\/uploads\/2019\/07\/icono_servicios.png\" \/>\n\t<meta property=\"og:image:width\" content=\"95\" \/>\n\t<meta property=\"og:image:height\" content=\"95\" \/>\n\t<meta property=\"og:image:type\" content=\"image\/png\" \/>\n<meta name=\"twitter:card\" content=\"summary_large_image\" \/>\n<meta name=\"twitter:label1\" content=\"Temps estimat de lectura\" \/>\n\t<meta name=\"twitter:data1\" content=\"2 minuts\" \/>\n<script type=\"application\/ld+json\" class=\"yoast-schema-graph\">{\"@context\":\"https:\/\/schema.org\",\"@graph\":[{\"@type\":\"WebPage\",\"@id\":\"https:\/\/garrods.es\/nosotros\/\",\"url\":\"https:\/\/garrods.es\/nosotros\/\",\"name\":\"Serveis - Garrods Real Estate\",\"isPartOf\":{\"@id\":\"https:\/\/garrods.es\/#website\"},\"primaryImageOfPage\":{\"@id\":\"https:\/\/garrods.es\/nosotros\/#primaryimage\"},\"image\":{\"@id\":\"https:\/\/garrods.es\/nosotros\/#primaryimage\"},\"thumbnailUrl\":\"https:\/\/garrods.es\/wp-content\/uploads\/2019\/07\/icono_servicios.png\",\"datePublished\":\"2019-07-10T10:54:09+00:00\",\"dateModified\":\"2019-10-01T11:49:09+00:00\",\"breadcrumb\":{\"@id\":\"https:\/\/garrods.es\/nosotros\/#breadcrumb\"},\"inLanguage\":\"ca\",\"potentialAction\":[{\"@type\":\"ReadAction\",\"target\":[\"https:\/\/garrods.es\/nosotros\/\"]}]},{\"@type\":\"ImageObject\",\"inLanguage\":\"ca\",\"@id\":\"https:\/\/garrods.es\/nosotros\/#primaryimage\",\"url\":\"https:\/\/garrods.es\/wp-content\/uploads\/2019\/07\/icono_servicios.png\",\"contentUrl\":\"https:\/\/garrods.es\/wp-content\/uploads\/2019\/07\/icono_servicios.png\"},{\"@type\":\"BreadcrumbList\",\"@id\":\"https:\/\/garrods.es\/nosotros\/#breadcrumb\",\"itemListElement\":[{\"@type\":\"ListItem\",\"position\":1,\"name\":\"Portada\",\"item\":\"https:\/\/garrods.es\/ca\/\"},{\"@type\":\"ListItem\",\"position\":2,\"name\":\"Serveis\"}]},{\"@type\":\"WebSite\",\"@id\":\"https:\/\/garrods.es\/#website\",\"url\":\"https:\/\/garrods.es\/\",\"name\":\"Garrods Real Estate\",\"description\":\"Alquiler y venta de oficinas en Barcelona\",\"potentialAction\":[{\"@type\":\"SearchAction\",\"target\":{\"@type\":\"EntryPoint\",\"urlTemplate\":\"https:\/\/garrods.es\/?s={search_term_string}\"},\"query-input\":{\"@type\":\"PropertyValueSpecification\",\"valueRequired\":true,\"valueName\":\"search_term_string\"}}],\"inLanguage\":\"ca\"}]}<\/script>\n<!-- \/ Yoast SEO plugin. -->","yoast_head_json":{"title":"Serveis - Garrods Real Estate","robots":{"index":"index","follow":"follow","max-snippet":"max-snippet:-1","max-image-preview":"max-image-preview:large","max-video-preview":"max-video-preview:-1"},"canonical":"https:\/\/garrods.es\/nosotros\/","og_locale":"ca_ES","og_type":"article","og_title":"Serveis - Garrods Real Estate","og_description":"El nostre cat\u00e0leg inclou un ampli ventall de serveis, cadascun focalitzat en aconseguir el millor rendiment. Gaudim d&#8217;una experi\u00e8ncia i d&#8217;un equip multidisciplinari sempre focalitzats en aportar el m\u00e0xim valor a les seves operacions i necessitats. AG\u00c8NCIA IMMOBILI\u00c0RIA Assessorament i intermediaci\u00f3 en la comercialitzaci\u00f3 d&#8217;actius en lloguer i compravenda, aix\u00ed com assessorament a inquilins en...","og_url":"https:\/\/garrods.es\/nosotros\/","og_site_name":"Garrods Real Estate","article_modified_time":"2019-10-01T11:49:09+00:00","og_image":[{"width":95,"height":95,"url":"https:\/\/garrods.es\/wp-content\/uploads\/2019\/07\/icono_servicios.png","type":"image\/png"}],"twitter_card":"summary_large_image","twitter_misc":{"Temps estimat de lectura":"2 minuts"},"schema":{"@context":"https:\/\/schema.org","@graph":[{"@type":"WebPage","@id":"https:\/\/garrods.es\/nosotros\/","url":"https:\/\/garrods.es\/nosotros\/","name":"Serveis - Garrods Real Estate","isPartOf":{"@id":"https:\/\/garrods.es\/#website"},"primaryImageOfPage":{"@id":"https:\/\/garrods.es\/nosotros\/#primaryimage"},"image":{"@id":"https:\/\/garrods.es\/nosotros\/#primaryimage"},"thumbnailUrl":"https:\/\/garrods.es\/wp-content\/uploads\/2019\/07\/icono_servicios.png","datePublished":"2019-07-10T10:54:09+00:00","dateModified":"2019-10-01T11:49:09+00:00","breadcrumb":{"@id":"https:\/\/garrods.es\/nosotros\/#breadcrumb"},"inLanguage":"ca","potentialAction":[{"@type":"ReadAction","target":["https:\/\/garrods.es\/nosotros\/"]}]},{"@type":"ImageObject","inLanguage":"ca","@id":"https:\/\/garrods.es\/nosotros\/#primaryimage","url":"https:\/\/garrods.es\/wp-content\/uploads\/2019\/07\/icono_servicios.png","contentUrl":"https:\/\/garrods.es\/wp-content\/uploads\/2019\/07\/icono_servicios.png"},{"@type":"BreadcrumbList","@id":"https:\/\/garrods.es\/nosotros\/#breadcrumb","itemListElement":[{"@type":"ListItem","position":1,"name":"Portada","item":"https:\/\/garrods.es\/ca\/"},{"@type":"ListItem","position":2,"name":"Serveis"}]},{"@type":"WebSite","@id":"https:\/\/garrods.es\/#website","url":"https:\/\/garrods.es\/","name":"Garrods Real Estate","description":"Alquiler y venta de oficinas en Barcelona","potentialAction":[{"@type":"SearchAction","target":{"@type":"EntryPoint","urlTemplate":"https:\/\/garrods.es\/?s={search_term_string}"},"query-input":{"@type":"PropertyValueSpecification","valueRequired":true,"valueName":"search_term_string"}}],"inLanguage":"ca"}]}},"_links":{"self":[{"href":"https:\/\/garrods.es\/ca\/wp-json\/wp\/v2\/pages\/26500","targetHints":{"allow":["GET"]}}],"collection":[{"href":"https:\/\/garrods.es\/ca\/wp-json\/wp\/v2\/pages"}],"about":[{"href":"https:\/\/garrods.es\/ca\/wp-json\/wp\/v2\/types\/page"}],"author":[{"embeddable":true,"href":"https:\/\/garrods.es\/ca\/wp-json\/wp\/v2\/users\/3"}],"replies":[{"embeddable":true,"href":"https:\/\/garrods.es\/ca\/wp-json\/wp\/v2\/comments?post=26500"}],"version-history":[{"count":0,"href":"https:\/\/garrods.es\/ca\/wp-json\/wp\/v2\/pages\/26500\/revisions"}],"wp:attachment":[{"href":"https:\/\/garrods.es\/ca\/wp-json\/wp\/v2\/media?parent=26500"}],"curies":[{"name":"wp","href":"https:\/\/api.w.org\/{rel}","templated":true}]}}